{"id":263,"date":"2022-02-26T10:24:54","date_gmt":"2022-02-26T10:24:54","guid":{"rendered":"https:\/\/nightofideas.org\/?page_id=263"},"modified":"2023-03-13T14:28:34","modified_gmt":"2023-03-13T14:28:34","slug":"boston","status":"publish","type":"page","link":"https:\/\/nightofideas.org\/2023\/boston\/","title":{"rendered":"Boston"},"content":{"rendered":"<h5>Thank you for your interest in Night of Ideas 2023. The event has ended. Check back here for updates in the coming months.<\/h5>\n<p>&nbsp;<\/p>\n<p><strong>Night of<\/strong><strong> Ideas<\/strong>, presented at\u00a0Harvard University&#8217;s William James Hall,\u00a0will gather <strong>researchers<\/strong>, <strong>authors<\/strong>, <strong>artists<\/strong>, and <strong>leading figures of our society<\/strong> to participate in conferences and conversations about our future. Our participants will come from all over the world to discuss questions of integration, mobility, and purpose. Join us to attend exciting <strong>conferences<\/strong>, <strong>workshops<\/strong> and <strong>artistic performances<\/strong>!<\/p>\n<p>&nbsp;<\/p>\n<h3><strong>More Consciousness ?<\/strong><\/h3>\n<p>&nbsp;<\/p>\n<p>This year, we will explore the topic <strong><em>More Consciousness ?<\/em><\/strong>. This theme focuses on the questions arising from our ever-changing world, which is caught up in the dynamics of <em><strong>progress<\/strong><\/em> but also in our\u00a0<em><strong>increasing<\/strong><strong>\u00a0consumption<\/strong><\/em>,\u00a0<em><strong>population<\/strong>,<\/em> and\u00a0<em><strong>emissions.<\/strong><\/em> We will closely examine the present with the intent to build a world with a <em><strong>sustainable and fair economy<\/strong><\/em>. At this Night of Ideas at Harvard, we will call for greater awareness on the various issues of our ever-changing world.<\/p>\n<p>&nbsp;<\/p>\n<h3 style=\"text-align: center;\"><span style=\"color: #ff0000;\"><strong>&#8211; This event is sold out &#8211;<\/strong><\/span><\/h3>\n<h4 style=\"text-align: center;\"><span style=\"color: #ffff00;\"><strong>**** The first 200 spectators will get a p\u00e2tisserie by Cr\u00e9meux French P\u00e2tisserie ****<\/strong><\/span><\/h4>\n<p>&nbsp;<\/p>\n<h3><strong>Check out our full program\u00a0<\/strong><\/h3>\n<p><img loading=\"lazy\" decoding=\"async\" class=\"alignnone size-large wp-image-6836\" src=\"https:\/\/nightofideas.org\/2023\/wp-content\/uploads\/2023\/03\/Capture-decran-2023-03-03-a-10.36.20-1024x734.png\" alt=\"\" width=\"1024\" height=\"734\" srcset=\"https:\/\/nightofideas.org\/2023\/wp-content\/uploads\/2023\/03\/Capture-decran-2023-03-03-a-10.36.20-1024x734.png 1024w, https:\/\/nightofideas.org\/2023\/wp-content\/uploads\/2023\/03\/Capture-decran-2023-03-03-a-10.36.20-300x215.png 300w, https:\/\/nightofideas.org\/2023\/wp-content\/uploads\/2023\/03\/Capture-decran-2023-03-03-a-10.36.20-768x551.png 768w, https:\/\/nightofideas.org\/2023\/wp-content\/uploads\/2023\/03\/Capture-decran-2023-03-03-a-10.36.20-1536x1102.png 1536w, https:\/\/nightofideas.org\/2023\/wp-content\/uploads\/2023\/03\/Capture-decran-2023-03-03-a-10.36.20-2048x1469.png 2048w\" sizes=\"auto, (max-width: 1024px) 100vw, 1024px\" \/><\/p>\n<p>All of our screening will be displayed from 7pm until the end of the Night in the rooms B4 and B6.<\/p>\n<p>&nbsp;<\/p>\n<h3><strong>Come hear from:<\/strong><\/h3>\n<p>&nbsp;<\/p>\n<p><em><strong>Esther Duflo<\/strong><\/em>, Nobel Prize in Economic Sciences 2019<\/p>\n<p><em><strong>Abhijit Banerjee<\/strong><\/em>, Nobel Prize in Economic Sciences 2019<\/p>\n<p><em><strong>Barbara Cassin<\/strong><\/em><em>, <\/em>Philosopher, member of L&#8217;Acad\u00e9mie Fran\u00e7aise<\/p>\n<p><strong><em>Jean-Luc Marion<\/em><\/strong><strong>,\u00a0<\/strong>Philosopher, member of L&#8217;Acad\u00e9mie Fran\u00e7aise<\/p>\n<p><em><strong>James Katz<\/strong>,<\/em> Director of Program and Feld Professor of Emerging Media at Boston University<\/p>\n<p><em><strong>Pam Ellis<\/strong>,<\/em> Artist in residence at Bunker Hill Community College<\/p>\n<p><em><strong>Mathilde Radiguet<\/strong><\/em>, Visiting researcher in Seismology at MIT, current Fulbright Scholar<\/p>\n<p><em><strong>Matthias Lambert<\/strong>,<\/em> Researcher in Muscle Biology at Boston Children&#8217;s Hospital and Harvard Medical School<\/p>\n<p><em><strong>L\u00e9a Hirschfeld<\/strong>,<\/em> Creator of the podcast &#8220;D\u00e9cal\u00e9s&#8221; and current resident at the Villa Albertine<\/p>\n<p><em><strong>C\u00e9cile Ganne<\/strong><\/em>, Artist<\/p>\n<p><em><strong>Anne Plaisance<\/strong>,<\/em> Artist<\/p>\n<p>&nbsp;<\/p>\n<p>&nbsp;<\/p>\n<p><em><span class=\"TextRun Highlight SCXW157912611 BCX0\" lang=\"EN-US\" xml:lang=\"EN-US\" data-contrast=\"none\"><span class=\"NormalTextRun SCXW157912611 BCX0\" data-ccp-charstyle=\"normaltextrun\"><i>Presented by:<\/i><span data-ccp-charstyle=\"normaltextrun\"><i>\u00a0<\/i><\/span><i>the Consulate General of France in Boston, the Committee on Degrees in Social Studies, Harvard University, the Center for Hellenic Studies, Harvard Faculty of Arts and Sciences, Cr\u00e9meux French P\u00e2tisserie, Bunker Hill Community College, the International School of Boston, Villa Albertine and the Institut National Universitaire Champollion.\u00a0<\/i><\/span><\/span><\/em><\/p>\n","protected":false},"excerpt":{"rendered":"<p>Thank you for your interest in Night of Ideas 2023. The event has ended. Check back here for updates in the coming months. &nbsp; Night of Ideas, presented at\u00a0Harvard University&#8217;s William James Hall,\u00a0will gather researchers, authors, artists, and leading figures of our society to participate in conferences and conversations about our future. Our participants will [&hellip;]<\/p>\n","protected":false},"author":1,"featured_media":4681,"parent":0,"menu_order":18,"comment_status":"closed","ping_status":"closed","template":"pages\/city.php","meta":{"_acf_changed":false,"footnotes":""},"city":[9],"eventyear":[31],"class_list":["post-263","page","type-page","status-publish","has-post-thumbnail","hentry"],"acf":[],"yoast_head":"<!-- This site is optimized with the Yoast SEO plugin v27.3 - https:\/\/yoast.com\/product\/yoast-seo-wordpress\/ -->\n<title>Boston - Night of Ideas 2023<\/title>\n<meta name=\"robots\" content=\"index, follow, max-snippet:-1, max-image-preview:large, max-video-preview:-1\" \/>\n<link rel=\"canonical\" href=\"https:\/\/nightofideas.org\/2023\/boston\/\" \/>\n<meta property=\"og:locale\" content=\"en_US\" \/>\n<meta property=\"og:type\" content=\"article\" \/>\n<meta property=\"og:title\" content=\"Boston - Night of Ideas 2023\" \/>\n<meta property=\"og:description\" content=\"Thank you for your interest in Night of Ideas 2023. The event has ended. Check back here for updates in the coming months. &nbsp; Night of Ideas, presented at\u00a0Harvard University&#8217;s William James Hall,\u00a0will gather researchers, authors, artists, and leading figures of our society to participate in conferences and conversations about our future. Our participants will [&hellip;]\" \/>\n<meta property=\"og:url\" content=\"https:\/\/nightofideas.org\/2023\/boston\/\" \/>\n<meta property=\"og:site_name\" content=\"Night of Ideas 2023\" \/>\n<meta property=\"article:modified_time\" content=\"2023-03-13T14:28:34+00:00\" \/>\n<meta property=\"og:image\" content=\"https:\/\/nightofideas.org\/2023\/wp-content\/uploads\/2023\/02\/Karolina-Grabowska-scaled.jpg?v=1776184725\" \/>\n\t<meta property=\"og:image:width\" content=\"2560\" \/>\n\t<meta property=\"og:image:height\" content=\"1707\" \/>\n\t<meta property=\"og:image:type\" content=\"image\/jpeg\" \/>\n<meta name=\"twitter:card\" content=\"summary_large_image\" \/>\n<meta name=\"twitter:image\" content=\"?v=1776184725\" \/>\n<meta name=\"twitter:label1\" content=\"Est. reading time\" \/>\n\t<meta name=\"twitter:data1\" content=\"2 minutes\" \/>\n<script type=\"application\/ld+json\" class=\"yoast-schema-graph\">{\"@context\":\"https:\\\/\\\/schema.org\",\"@graph\":[{\"@type\":\"WebPage\",\"@id\":\"https:\\\/\\\/nightofideas.org\\\/2023\\\/boston\\\/\",\"url\":\"https:\\\/\\\/nightofideas.org\\\/2023\\\/boston\\\/\",\"name\":\"Boston - Night of Ideas 2023\",\"isPartOf\":{\"@id\":\"https:\\\/\\\/nightofideas.org\\\/2023\\\/#website\"},\"primaryImageOfPage\":{\"@id\":\"https:\\\/\\\/nightofideas.org\\\/2023\\\/boston\\\/#primaryimage\"},\"image\":{\"@id\":\"https:\\\/\\\/nightofideas.org\\\/2023\\\/boston\\\/#primaryimage\"},\"thumbnailUrl\":\"https:\\\/\\\/nightofideas.org\\\/2023\\\/wp-content\\\/uploads\\\/2023\\\/02\\\/Karolina-Grabowska-scaled.jpg\",\"datePublished\":\"2022-02-26T10:24:54+00:00\",\"dateModified\":\"2023-03-13T14:28:34+00:00\",\"breadcrumb\":{\"@id\":\"https:\\\/\\\/nightofideas.org\\\/2023\\\/boston\\\/#breadcrumb\"},\"inLanguage\":\"en-US\",\"potentialAction\":[{\"@type\":\"ReadAction\",\"target\":[\"https:\\\/\\\/nightofideas.org\\\/2023\\\/boston\\\/\"]}]},{\"@type\":\"ImageObject\",\"inLanguage\":\"en-US\",\"@id\":\"https:\\\/\\\/nightofideas.org\\\/2023\\\/boston\\\/#primaryimage\",\"url\":\"https:\\\/\\\/nightofideas.org\\\/2023\\\/wp-content\\\/uploads\\\/2023\\\/02\\\/Karolina-Grabowska-scaled.jpg\",\"contentUrl\":\"https:\\\/\\\/nightofideas.org\\\/2023\\\/wp-content\\\/uploads\\\/2023\\\/02\\\/Karolina-Grabowska-scaled.jpg\",\"width\":2560,\"height\":1707,\"caption\":\"\u00a9 Karolina Grabowska\"},{\"@type\":\"BreadcrumbList\",\"@id\":\"https:\\\/\\\/nightofideas.org\\\/2023\\\/boston\\\/#breadcrumb\",\"itemListElement\":[{\"@type\":\"ListItem\",\"position\":1,\"name\":\"Home\",\"item\":\"https:\\\/\\\/nightofideas.org\\\/2023\\\/\"},{\"@type\":\"ListItem\",\"position\":2,\"name\":\"Boston\"}]},{\"@type\":\"WebSite\",\"@id\":\"https:\\\/\\\/nightofideas.org\\\/2023\\\/#website\",\"url\":\"https:\\\/\\\/nightofideas.org\\\/2023\\\/\",\"name\":\"Night of Ideas 2023\",\"description\":\"\",\"publisher\":{\"@id\":\"https:\\\/\\\/nightofideas.org\\\/2023\\\/#organization\"},\"potentialAction\":[{\"@type\":\"SearchAction\",\"target\":{\"@type\":\"EntryPoint\",\"urlTemplate\":\"https:\\\/\\\/nightofideas.org\\\/2023\\\/?s={search_term_string}\"},\"query-input\":{\"@type\":\"PropertyValueSpecification\",\"valueRequired\":true,\"valueName\":\"search_term_string\"}}],\"inLanguage\":\"en-US\"},{\"@type\":\"Organization\",\"@id\":\"https:\\\/\\\/nightofideas.org\\\/2023\\\/#organization\",\"name\":\"nightofideas\",\"url\":\"https:\\\/\\\/nightofideas.org\\\/2023\\\/\",\"logo\":{\"@type\":\"ImageObject\",\"inLanguage\":\"en-US\",\"@id\":\"https:\\\/\\\/nightofideas.org\\\/2023\\\/#\\\/schema\\\/logo\\\/image\\\/\",\"url\":\"https:\\\/\\\/nightofideas.org\\\/2023\\\/wp-content\\\/uploads\\\/2023\\\/02\\\/android-chrome-512x512-1.png\",\"contentUrl\":\"https:\\\/\\\/nightofideas.org\\\/2023\\\/wp-content\\\/uploads\\\/2023\\\/02\\\/android-chrome-512x512-1.png\",\"width\":\"512\",\"height\":\"512\",\"caption\":\"nightofideas\"},\"image\":{\"@id\":\"https:\\\/\\\/nightofideas.org\\\/2023\\\/#\\\/schema\\\/logo\\\/image\\\/\"}}]}<\/script>\n<!-- \/ Yoast SEO plugin. -->","yoast_head_json":{"title":"Boston - Night of Ideas 2023","robots":{"index":"index","follow":"follow","max-snippet":"max-snippet:-1","max-image-preview":"max-image-preview:large","max-video-preview":"max-video-preview:-1"},"canonical":"https:\/\/nightofideas.org\/2023\/boston\/","og_locale":"en_US","og_type":"article","og_title":"Boston - Night of Ideas 2023","og_description":"Thank you for your interest in Night of Ideas 2023. The event has ended. Check back here for updates in the coming months. &nbsp; Night of Ideas, presented at\u00a0Harvard University&#8217;s William James Hall,\u00a0will gather researchers, authors, artists, and leading figures of our society to participate in conferences and conversations about our future. Our participants will [&hellip;]","og_url":"https:\/\/nightofideas.org\/2023\/boston\/","og_site_name":"Night of Ideas 2023","article_modified_time":"2023-03-13T14:28:34+00:00","og_image":[{"width":2560,"height":1707,"url":"https:\/\/nightofideas.org\/2023\/wp-content\/uploads\/2023\/02\/Karolina-Grabowska-scaled.jpg?v=1776184725","type":"image\/jpeg"}],"twitter_card":"summary_large_image","twitter_image":"?v=1776184725","twitter_misc":{"Est. reading time":"2 minutes"},"schema":{"@context":"https:\/\/schema.org","@graph":[{"@type":"WebPage","@id":"https:\/\/nightofideas.org\/2023\/boston\/","url":"https:\/\/nightofideas.org\/2023\/boston\/","name":"Boston - Night of Ideas 2023","isPartOf":{"@id":"https:\/\/nightofideas.org\/2023\/#website"},"primaryImageOfPage":{"@id":"https:\/\/nightofideas.org\/2023\/boston\/#primaryimage"},"image":{"@id":"https:\/\/nightofideas.org\/2023\/boston\/#primaryimage"},"thumbnailUrl":"https:\/\/nightofideas.org\/2023\/wp-content\/uploads\/2023\/02\/Karolina-Grabowska-scaled.jpg","datePublished":"2022-02-26T10:24:54+00:00","dateModified":"2023-03-13T14:28:34+00:00","breadcrumb":{"@id":"https:\/\/nightofideas.org\/2023\/boston\/#breadcrumb"},"inLanguage":"en-US","potentialAction":[{"@type":"ReadAction","target":["https:\/\/nightofideas.org\/2023\/boston\/"]}]},{"@type":"ImageObject","inLanguage":"en-US","@id":"https:\/\/nightofideas.org\/2023\/boston\/#primaryimage","url":"https:\/\/nightofideas.org\/2023\/wp-content\/uploads\/2023\/02\/Karolina-Grabowska-scaled.jpg","contentUrl":"https:\/\/nightofideas.org\/2023\/wp-content\/uploads\/2023\/02\/Karolina-Grabowska-scaled.jpg","width":2560,"height":1707,"caption":"\u00a9 Karolina Grabowska"},{"@type":"BreadcrumbList","@id":"https:\/\/nightofideas.org\/2023\/boston\/#breadcrumb","itemListElement":[{"@type":"ListItem","position":1,"name":"Home","item":"https:\/\/nightofideas.org\/2023\/"},{"@type":"ListItem","position":2,"name":"Boston"}]},{"@type":"WebSite","@id":"https:\/\/nightofideas.org\/2023\/#website","url":"https:\/\/nightofideas.org\/2023\/","name":"Night of Ideas 2023","description":"","publisher":{"@id":"https:\/\/nightofideas.org\/2023\/#organization"},"potentialAction":[{"@type":"SearchAction","target":{"@type":"EntryPoint","urlTemplate":"https:\/\/nightofideas.org\/2023\/?s={search_term_string}"},"query-input":{"@type":"PropertyValueSpecification","valueRequired":true,"valueName":"search_term_string"}}],"inLanguage":"en-US"},{"@type":"Organization","@id":"https:\/\/nightofideas.org\/2023\/#organization","name":"nightofideas","url":"https:\/\/nightofideas.org\/2023\/","logo":{"@type":"ImageObject","inLanguage":"en-US","@id":"https:\/\/nightofideas.org\/2023\/#\/schema\/logo\/image\/","url":"https:\/\/nightofideas.org\/2023\/wp-content\/uploads\/2023\/02\/android-chrome-512x512-1.png","contentUrl":"https:\/\/nightofideas.org\/2023\/wp-content\/uploads\/2023\/02\/android-chrome-512x512-1.png","width":"512","height":"512","caption":"nightofideas"},"image":{"@id":"https:\/\/nightofideas.org\/2023\/#\/schema\/logo\/image\/"}}]}},"_links":{"self":[{"href":"https:\/\/nightofideas.org\/2023\/wp-json\/wp\/v2\/pages\/263","targetHints":{"allow":["GET"]}}],"collection":[{"href":"https:\/\/nightofideas.org\/2023\/wp-json\/wp\/v2\/pages"}],"about":[{"href":"https:\/\/nightofideas.org\/2023\/wp-json\/wp\/v2\/types\/page"}],"author":[{"embeddable":true,"href":"https:\/\/nightofideas.org\/2023\/wp-json\/wp\/v2\/users\/1"}],"replies":[{"embeddable":true,"href":"https:\/\/nightofideas.org\/2023\/wp-json\/wp\/v2\/comments?post=263"}],"version-history":[{"count":111,"href":"https:\/\/nightofideas.org\/2023\/wp-json\/wp\/v2\/pages\/263\/revisions"}],"predecessor-version":[{"id":6911,"href":"https:\/\/nightofideas.org\/2023\/wp-json\/wp\/v2\/pages\/263\/revisions\/6911"}],"wp:featuredmedia":[{"embeddable":true,"href":"https:\/\/nightofideas.org\/2023\/wp-json\/wp\/v2\/media\/4681"}],"wp:attachment":[{"href":"https:\/\/nightofideas.org\/2023\/wp-json\/wp\/v2\/media?parent=263"}],"wp:term":[{"taxonomy":"city","embeddable":true,"href":"https:\/\/nightofideas.org\/2023\/wp-json\/wp\/v2\/city?post=263"},{"taxonomy":"eventyear","embeddable":true,"href":"https:\/\/nightofideas.org\/2023\/wp-json\/wp\/v2\/eventyear?post=263"}],"curies":[{"name":"wp","href":"https:\/\/api.w.org\/{rel}","templated":true}]}}