{"id":6981,"date":"2024-01-11T14:29:14","date_gmt":"2024-01-11T14:29:14","guid":{"rendered":"https:\/\/nightofideas.org\/?page_id=6981"},"modified":"2024-02-20T23:37:01","modified_gmt":"2024-02-20T23:37:01","slug":"phoenix","status":"publish","type":"page","link":"https:\/\/nightofideas.org\/2024\/phoenix\/","title":{"rendered":"Phoenix"},"content":{"rendered":"<p>This year, join the Alliance Fran\u00e7aise of Phoenix for a special evening part of Night of ideas on Friday, March 1st.\u00a0 The event will feature exchanges and panel discussions on the evolution of urban mobility.<\/p>\n<p>&nbsp;<\/p>\n<p>Discover how cutting-edge technologies are reshaping the way we navigate Greater Phoenix&#8217;s expanding urban landscape. Engage in discussions with our panel of experts on autonomous vehicles, taxi-robots and sustainable public transportation. Be part of the dialogue that influences the dynamic fabric of our city.<\/p>\n<p>&nbsp;<\/p>\n<p>Night of Ideas Phoenix is made possible thanks to the support of the Consulat G\u00e9n\u00e9ral de France in Los Angeles, Villa Albertine Los Angeles, the International School of Arizona, Alliance Fran\u00e7aise of Phoenix, and Transdev.<\/p>\n<p>&nbsp;<\/p>\n<p>This event is free and open to the public.<\/p>\n<p>&nbsp;<\/p>\n<p>More information <a href=\"https:\/\/afphx.org\/night-of-ideas\">here.<\/a><\/p>\n","protected":false},"excerpt":{"rendered":"<p>This year, join the Alliance Fran\u00e7aise of Phoenix for a special evening part of Night of ideas on Friday, March 1st.\u00a0 The event will feature exchanges and panel discussions on the evolution of urban mobility. &nbsp; Discover how cutting-edge technologies are reshaping the way we navigate Greater Phoenix&#8217;s expanding urban landscape. Engage in discussions with [&hellip;]<\/p>\n","protected":false},"author":1,"featured_media":9395,"parent":0,"menu_order":0,"comment_status":"closed","ping_status":"closed","template":"pages\/city.php","meta":{"_acf_changed":false,"footnotes":""},"city":[55],"eventyear":[31],"class_list":["post-6981","page","type-page","status-publish","has-post-thumbnail","hentry"],"acf":[],"yoast_head":"<!-- This site is optimized with the Yoast SEO plugin v27.4 - https:\/\/yoast.com\/product\/yoast-seo-wordpress\/ -->\n<title>Phoenix - Night of Ideas 2024<\/title>\n<meta name=\"robots\" content=\"index, follow, max-snippet:-1, max-image-preview:large, max-video-preview:-1\" \/>\n<link rel=\"canonical\" href=\"https:\/\/nightofideas.org\/2024\/phoenix\/\" \/>\n<meta property=\"og:locale\" content=\"en_US\" \/>\n<meta property=\"og:type\" content=\"article\" \/>\n<meta property=\"og:title\" content=\"Phoenix - Night of Ideas 2024\" \/>\n<meta property=\"og:description\" content=\"This year, join the Alliance Fran\u00e7aise of Phoenix for a special evening part of Night of ideas on Friday, March 1st.\u00a0 The event will feature exchanges and panel discussions on the evolution of urban mobility. &nbsp; Discover how cutting-edge technologies are reshaping the way we navigate Greater Phoenix&#8217;s expanding urban landscape. Engage in discussions with [&hellip;]\" \/>\n<meta property=\"og:url\" content=\"https:\/\/nightofideas.org\/2024\/phoenix\/\" \/>\n<meta property=\"og:site_name\" content=\"Night of Ideas 2024\" \/>\n<meta property=\"article:publisher\" content=\"https:\/\/www.facebook.com\/villaalbertineusa\" \/>\n<meta property=\"article:modified_time\" content=\"2024-02-20T23:37:01+00:00\" \/>\n<meta property=\"og:image\" content=\"https:\/\/nightofideas.org\/2024\/wp-content\/uploads\/2024\/01\/phoenix-by-night.jpg?v=1777476431\" \/>\n\t<meta property=\"og:image:width\" content=\"1024\" \/>\n\t<meta property=\"og:image:height\" content=\"576\" \/>\n\t<meta property=\"og:image:type\" content=\"image\/jpeg\" \/>\n<meta name=\"twitter:card\" content=\"summary_large_image\" \/>\n<meta name=\"twitter:image\" content=\"?v=1777476431\" \/>\n<meta name=\"twitter:site\" content=\"@villa_albertine\" \/>\n<meta name=\"twitter:label1\" content=\"Est. reading time\" \/>\n\t<meta name=\"twitter:data1\" content=\"1 minute\" \/>\n<script type=\"application\/ld+json\" class=\"yoast-schema-graph\">{\"@context\":\"https:\\\/\\\/schema.org\",\"@graph\":[{\"@type\":\"WebPage\",\"@id\":\"https:\\\/\\\/nightofideas.org\\\/2024\\\/phoenix\\\/\",\"url\":\"https:\\\/\\\/nightofideas.org\\\/2024\\\/phoenix\\\/\",\"name\":\"Phoenix - Night of Ideas 2024\",\"isPartOf\":{\"@id\":\"https:\\\/\\\/nightofideas.org\\\/2024\\\/#website\"},\"primaryImageOfPage\":{\"@id\":\"https:\\\/\\\/nightofideas.org\\\/2024\\\/phoenix\\\/#primaryimage\"},\"image\":{\"@id\":\"https:\\\/\\\/nightofideas.org\\\/2024\\\/phoenix\\\/#primaryimage\"},\"thumbnailUrl\":\"https:\\\/\\\/nightofideas.org\\\/2024\\\/wp-content\\\/uploads\\\/2024\\\/01\\\/phoenix-by-night.jpg\",\"datePublished\":\"2024-01-11T14:29:14+00:00\",\"dateModified\":\"2024-02-20T23:37:01+00:00\",\"breadcrumb\":{\"@id\":\"https:\\\/\\\/nightofideas.org\\\/2024\\\/phoenix\\\/#breadcrumb\"},\"inLanguage\":\"en-US\",\"potentialAction\":[{\"@type\":\"ReadAction\",\"target\":[\"https:\\\/\\\/nightofideas.org\\\/2024\\\/phoenix\\\/\"]}]},{\"@type\":\"ImageObject\",\"inLanguage\":\"en-US\",\"@id\":\"https:\\\/\\\/nightofideas.org\\\/2024\\\/phoenix\\\/#primaryimage\",\"url\":\"https:\\\/\\\/nightofideas.org\\\/2024\\\/wp-content\\\/uploads\\\/2024\\\/01\\\/phoenix-by-night.jpg\",\"contentUrl\":\"https:\\\/\\\/nightofideas.org\\\/2024\\\/wp-content\\\/uploads\\\/2024\\\/01\\\/phoenix-by-night.jpg\",\"width\":1024,\"height\":576},{\"@type\":\"BreadcrumbList\",\"@id\":\"https:\\\/\\\/nightofideas.org\\\/2024\\\/phoenix\\\/#breadcrumb\",\"itemListElement\":[{\"@type\":\"ListItem\",\"position\":1,\"name\":\"Home\",\"item\":\"https:\\\/\\\/nightofideas.org\\\/2024\\\/\"},{\"@type\":\"ListItem\",\"position\":2,\"name\":\"Phoenix\"}]},{\"@type\":\"WebSite\",\"@id\":\"https:\\\/\\\/nightofideas.org\\\/2024\\\/#website\",\"url\":\"https:\\\/\\\/nightofideas.org\\\/2024\\\/\",\"name\":\"Night of Ideas\",\"description\":\"\",\"publisher\":{\"@id\":\"https:\\\/\\\/nightofideas.org\\\/2024\\\/#organization\"},\"potentialAction\":[{\"@type\":\"SearchAction\",\"target\":{\"@type\":\"EntryPoint\",\"urlTemplate\":\"https:\\\/\\\/nightofideas.org\\\/2024\\\/?s={search_term_string}\"},\"query-input\":{\"@type\":\"PropertyValueSpecification\",\"valueRequired\":true,\"valueName\":\"search_term_string\"}}],\"inLanguage\":\"en-US\"},{\"@type\":\"Organization\",\"@id\":\"https:\\\/\\\/nightofideas.org\\\/2024\\\/#organization\",\"name\":\"nightofideas\",\"url\":\"https:\\\/\\\/nightofideas.org\\\/2024\\\/\",\"logo\":{\"@type\":\"ImageObject\",\"inLanguage\":\"en-US\",\"@id\":\"https:\\\/\\\/nightofideas.org\\\/2024\\\/#\\\/schema\\\/logo\\\/image\\\/\",\"url\":\"https:\\\/\\\/nightofideas.org\\\/2024\\\/wp-content\\\/uploads\\\/2024\\\/01\\\/NOI_2024_LOGO.jpg\",\"contentUrl\":\"https:\\\/\\\/nightofideas.org\\\/2024\\\/wp-content\\\/uploads\\\/2024\\\/01\\\/NOI_2024_LOGO.jpg\",\"width\":882,\"height\":570,\"caption\":\"nightofideas\"},\"image\":{\"@id\":\"https:\\\/\\\/nightofideas.org\\\/2024\\\/#\\\/schema\\\/logo\\\/image\\\/\"},\"sameAs\":[\"https:\\\/\\\/www.facebook.com\\\/villaalbertineusa\",\"https:\\\/\\\/x.com\\\/villa_albertine\",\"https:\\\/\\\/www.instagram.com\\\/villa.albertine\\\/\"]}]}<\/script>\n<!-- \/ Yoast SEO plugin. -->","yoast_head_json":{"title":"Phoenix - Night of Ideas 2024","robots":{"index":"index","follow":"follow","max-snippet":"max-snippet:-1","max-image-preview":"max-image-preview:large","max-video-preview":"max-video-preview:-1"},"canonical":"https:\/\/nightofideas.org\/2024\/phoenix\/","og_locale":"en_US","og_type":"article","og_title":"Phoenix - Night of Ideas 2024","og_description":"This year, join the Alliance Fran\u00e7aise of Phoenix for a special evening part of Night of ideas on Friday, March 1st.\u00a0 The event will feature exchanges and panel discussions on the evolution of urban mobility. &nbsp; Discover how cutting-edge technologies are reshaping the way we navigate Greater Phoenix&#8217;s expanding urban landscape. Engage in discussions with [&hellip;]","og_url":"https:\/\/nightofideas.org\/2024\/phoenix\/","og_site_name":"Night of Ideas 2024","article_publisher":"https:\/\/www.facebook.com\/villaalbertineusa","article_modified_time":"2024-02-20T23:37:01+00:00","og_image":[{"width":1024,"height":576,"url":"https:\/\/nightofideas.org\/2024\/wp-content\/uploads\/2024\/01\/phoenix-by-night.jpg?v=1777476431","type":"image\/jpeg"}],"twitter_card":"summary_large_image","twitter_image":"?v=1777476431","twitter_site":"@villa_albertine","twitter_misc":{"Est. reading time":"1 minute"},"schema":{"@context":"https:\/\/schema.org","@graph":[{"@type":"WebPage","@id":"https:\/\/nightofideas.org\/2024\/phoenix\/","url":"https:\/\/nightofideas.org\/2024\/phoenix\/","name":"Phoenix - Night of Ideas 2024","isPartOf":{"@id":"https:\/\/nightofideas.org\/2024\/#website"},"primaryImageOfPage":{"@id":"https:\/\/nightofideas.org\/2024\/phoenix\/#primaryimage"},"image":{"@id":"https:\/\/nightofideas.org\/2024\/phoenix\/#primaryimage"},"thumbnailUrl":"https:\/\/nightofideas.org\/2024\/wp-content\/uploads\/2024\/01\/phoenix-by-night.jpg","datePublished":"2024-01-11T14:29:14+00:00","dateModified":"2024-02-20T23:37:01+00:00","breadcrumb":{"@id":"https:\/\/nightofideas.org\/2024\/phoenix\/#breadcrumb"},"inLanguage":"en-US","potentialAction":[{"@type":"ReadAction","target":["https:\/\/nightofideas.org\/2024\/phoenix\/"]}]},{"@type":"ImageObject","inLanguage":"en-US","@id":"https:\/\/nightofideas.org\/2024\/phoenix\/#primaryimage","url":"https:\/\/nightofideas.org\/2024\/wp-content\/uploads\/2024\/01\/phoenix-by-night.jpg","contentUrl":"https:\/\/nightofideas.org\/2024\/wp-content\/uploads\/2024\/01\/phoenix-by-night.jpg","width":1024,"height":576},{"@type":"BreadcrumbList","@id":"https:\/\/nightofideas.org\/2024\/phoenix\/#breadcrumb","itemListElement":[{"@type":"ListItem","position":1,"name":"Home","item":"https:\/\/nightofideas.org\/2024\/"},{"@type":"ListItem","position":2,"name":"Phoenix"}]},{"@type":"WebSite","@id":"https:\/\/nightofideas.org\/2024\/#website","url":"https:\/\/nightofideas.org\/2024\/","name":"Night of Ideas","description":"","publisher":{"@id":"https:\/\/nightofideas.org\/2024\/#organization"},"potentialAction":[{"@type":"SearchAction","target":{"@type":"EntryPoint","urlTemplate":"https:\/\/nightofideas.org\/2024\/?s={search_term_string}"},"query-input":{"@type":"PropertyValueSpecification","valueRequired":true,"valueName":"search_term_string"}}],"inLanguage":"en-US"},{"@type":"Organization","@id":"https:\/\/nightofideas.org\/2024\/#organization","name":"nightofideas","url":"https:\/\/nightofideas.org\/2024\/","logo":{"@type":"ImageObject","inLanguage":"en-US","@id":"https:\/\/nightofideas.org\/2024\/#\/schema\/logo\/image\/","url":"https:\/\/nightofideas.org\/2024\/wp-content\/uploads\/2024\/01\/NOI_2024_LOGO.jpg","contentUrl":"https:\/\/nightofideas.org\/2024\/wp-content\/uploads\/2024\/01\/NOI_2024_LOGO.jpg","width":882,"height":570,"caption":"nightofideas"},"image":{"@id":"https:\/\/nightofideas.org\/2024\/#\/schema\/logo\/image\/"},"sameAs":["https:\/\/www.facebook.com\/villaalbertineusa","https:\/\/x.com\/villa_albertine","https:\/\/www.instagram.com\/villa.albertine\/"]}]}},"_links":{"self":[{"href":"https:\/\/nightofideas.org\/2024\/wp-json\/wp\/v2\/pages\/6981","targetHints":{"allow":["GET"]}}],"collection":[{"href":"https:\/\/nightofideas.org\/2024\/wp-json\/wp\/v2\/pages"}],"about":[{"href":"https:\/\/nightofideas.org\/2024\/wp-json\/wp\/v2\/types\/page"}],"author":[{"embeddable":true,"href":"https:\/\/nightofideas.org\/2024\/wp-json\/wp\/v2\/users\/1"}],"replies":[{"embeddable":true,"href":"https:\/\/nightofideas.org\/2024\/wp-json\/wp\/v2\/comments?post=6981"}],"version-history":[{"count":24,"href":"https:\/\/nightofideas.org\/2024\/wp-json\/wp\/v2\/pages\/6981\/revisions"}],"predecessor-version":[{"id":11261,"href":"https:\/\/nightofideas.org\/2024\/wp-json\/wp\/v2\/pages\/6981\/revisions\/11261"}],"wp:featuredmedia":[{"embeddable":true,"href":"https:\/\/nightofideas.org\/2024\/wp-json\/wp\/v2\/media\/9395"}],"wp:attachment":[{"href":"https:\/\/nightofideas.org\/2024\/wp-json\/wp\/v2\/media?parent=6981"}],"wp:term":[{"taxonomy":"city","embeddable":true,"href":"https:\/\/nightofideas.org\/2024\/wp-json\/wp\/v2\/city?post=6981"},{"taxonomy":"eventyear","embeddable":true,"href":"https:\/\/nightofideas.org\/2024\/wp-json\/wp\/v2\/eventyear?post=6981"}],"curies":[{"name":"wp","href":"https:\/\/api.w.org\/{rel}","templated":true}]}}