{"id":8025,"date":"2024-01-24T15:27:44","date_gmt":"2024-01-24T15:27:44","guid":{"rendered":"https:\/\/nightofideas.org\/?page_id=8025"},"modified":"2024-02-21T15:30:49","modified_gmt":"2024-02-21T15:30:49","slug":"gainesville","status":"publish","type":"page","link":"https:\/\/nightofideas.org\/2024\/gainesville\/","title":{"rendered":"Gainesville"},"content":{"rendered":"<p class=\"x_MsoNormal\">The University of Florida&#8217;s Night of Ideas will be an interdisciplinary event titled, &#8220;\u00c0 l&#8217;\u00e9coute des \u00eeles et des presqu&#8217;\u00eeles&#8221; (Listening to Islands and Peninsulas). The program will feature a roundtable discussion focusing on environmental humanities with a particular concentration on islands and peninsulas.<\/p>\n<p>&nbsp;<\/p>\n<p class=\"x_MsoNormal\">Speakers include Gabriele Belletti (LLC, French and Italian Studies, UF), Jean-Marc Bullet (Researcher and artist from Martinique), Danila Cannamela (Colby College), Terry Harpold (English, ICC, UF), Tony Maurelli (Environmental and Global Health, UF), Augusto Soledade (School of Dance, UF) and Alioune Sow (LLC, French and Francophone Studies &amp; African Studies, UF).<\/p>\n<div class=\"x_elementToProof\"><\/div>\n<p>&nbsp;<\/p>\n<p>A concert will follow, featuring musicians and current residents of the <a href=\"https:\/\/villa-albertine.org\/residents\/julian-babou-sonny-troupe\/\">Villa Albertine<\/a>, Julian Babou (La R\u00e9union) and Sonny Troupe (Guadeloupe), offering an artistic perspective on the communities at the heart of the evening. In parallel, students of the University of Florida are invited to participate in the Night of Ideas, by submitting poems for a poetry contest.<\/p>\n<p>&nbsp;<\/p>\n<p class=\"x_MsoNormal\">The event is sponsored by the University of Florida, France-Florida Research Institute<\/p>\n<p>&nbsp;<\/p>\n<p class=\"x_MsoNormal\">Co-sponsors: GFAA Gallery (Gainesville Fine Arts Association), the Arts\/Africa Working Group and the Department of Languages, Literatures and Cultures of the University of Florida.<\/p>\n","protected":false},"excerpt":{"rendered":"<p>The University of Florida&#8217;s Night of Ideas will be an interdisciplinary event titled, &#8220;\u00c0 l&#8217;\u00e9coute des \u00eeles et des presqu&#8217;\u00eeles&#8221; (Listening to Islands and Peninsulas). The program will feature a roundtable discussion focusing on environmental humanities with a particular concentration on islands and peninsulas. &nbsp; Speakers include Gabriele Belletti (LLC, French and Italian Studies, UF), [&hellip;]<\/p>\n","protected":false},"author":22,"featured_media":9541,"parent":0,"menu_order":0,"comment_status":"closed","ping_status":"closed","template":"pages\/city.php","meta":{"_acf_changed":false,"footnotes":""},"city":[60],"eventyear":[31],"class_list":["post-8025","page","type-page","status-publish","has-post-thumbnail","hentry"],"acf":[],"yoast_head":"<!-- This site is optimized with the Yoast SEO plugin v27.3 - https:\/\/yoast.com\/product\/yoast-seo-wordpress\/ -->\n<title>Gainesville - Night of Ideas 2024<\/title>\n<meta name=\"robots\" content=\"index, follow, max-snippet:-1, max-image-preview:large, max-video-preview:-1\" \/>\n<link rel=\"canonical\" href=\"https:\/\/nightofideas.org\/2024\/gainesville\/\" \/>\n<meta property=\"og:locale\" content=\"en_US\" \/>\n<meta property=\"og:type\" content=\"article\" \/>\n<meta property=\"og:title\" content=\"Gainesville - Night of Ideas 2024\" \/>\n<meta property=\"og:description\" content=\"The University of Florida&#8217;s Night of Ideas will be an interdisciplinary event titled, &#8220;\u00c0 l&#8217;\u00e9coute des \u00eeles et des presqu&#8217;\u00eeles&#8221; (Listening to Islands and Peninsulas). The program will feature a roundtable discussion focusing on environmental humanities with a particular concentration on islands and peninsulas. &nbsp; Speakers include Gabriele Belletti (LLC, French and Italian Studies, UF), [&hellip;]\" \/>\n<meta property=\"og:url\" content=\"https:\/\/nightofideas.org\/2024\/gainesville\/\" \/>\n<meta property=\"og:site_name\" content=\"Night of Ideas 2024\" \/>\n<meta property=\"article:publisher\" content=\"https:\/\/www.facebook.com\/villaalbertineusa\" \/>\n<meta property=\"article:modified_time\" content=\"2024-02-21T15:30:49+00:00\" \/>\n<meta property=\"og:image\" content=\"https:\/\/nightofideas.org\/2024\/wp-content\/uploads\/2024\/01\/Gainesville-miami.jpg?v=1776174070\" \/>\n\t<meta property=\"og:image:width\" content=\"1314\" \/>\n\t<meta property=\"og:image:height\" content=\"876\" \/>\n\t<meta property=\"og:image:type\" content=\"image\/jpeg\" \/>\n<meta name=\"twitter:card\" content=\"summary_large_image\" \/>\n<meta name=\"twitter:image\" content=\"?v=1776174070\" \/>\n<meta name=\"twitter:site\" content=\"@villa_albertine\" \/>\n<meta name=\"twitter:label1\" content=\"Est. reading time\" \/>\n\t<meta name=\"twitter:data1\" content=\"2 minutes\" \/>\n<script type=\"application\/ld+json\" class=\"yoast-schema-graph\">{\"@context\":\"https:\\\/\\\/schema.org\",\"@graph\":[{\"@type\":\"WebPage\",\"@id\":\"https:\\\/\\\/nightofideas.org\\\/2024\\\/gainesville\\\/\",\"url\":\"https:\\\/\\\/nightofideas.org\\\/2024\\\/gainesville\\\/\",\"name\":\"Gainesville - Night of Ideas 2024\",\"isPartOf\":{\"@id\":\"https:\\\/\\\/nightofideas.org\\\/2024\\\/#website\"},\"primaryImageOfPage\":{\"@id\":\"https:\\\/\\\/nightofideas.org\\\/2024\\\/gainesville\\\/#primaryimage\"},\"image\":{\"@id\":\"https:\\\/\\\/nightofideas.org\\\/2024\\\/gainesville\\\/#primaryimage\"},\"thumbnailUrl\":\"https:\\\/\\\/nightofideas.org\\\/2024\\\/wp-content\\\/uploads\\\/2024\\\/01\\\/Gainesville-miami.jpg\",\"datePublished\":\"2024-01-24T15:27:44+00:00\",\"dateModified\":\"2024-02-21T15:30:49+00:00\",\"breadcrumb\":{\"@id\":\"https:\\\/\\\/nightofideas.org\\\/2024\\\/gainesville\\\/#breadcrumb\"},\"inLanguage\":\"en-US\",\"potentialAction\":[{\"@type\":\"ReadAction\",\"target\":[\"https:\\\/\\\/nightofideas.org\\\/2024\\\/gainesville\\\/\"]}]},{\"@type\":\"ImageObject\",\"inLanguage\":\"en-US\",\"@id\":\"https:\\\/\\\/nightofideas.org\\\/2024\\\/gainesville\\\/#primaryimage\",\"url\":\"https:\\\/\\\/nightofideas.org\\\/2024\\\/wp-content\\\/uploads\\\/2024\\\/01\\\/Gainesville-miami.jpg\",\"contentUrl\":\"https:\\\/\\\/nightofideas.org\\\/2024\\\/wp-content\\\/uploads\\\/2024\\\/01\\\/Gainesville-miami.jpg\",\"width\":1314,\"height\":876},{\"@type\":\"BreadcrumbList\",\"@id\":\"https:\\\/\\\/nightofideas.org\\\/2024\\\/gainesville\\\/#breadcrumb\",\"itemListElement\":[{\"@type\":\"ListItem\",\"position\":1,\"name\":\"Home\",\"item\":\"https:\\\/\\\/nightofideas.org\\\/2024\\\/\"},{\"@type\":\"ListItem\",\"position\":2,\"name\":\"Gainesville\"}]},{\"@type\":\"WebSite\",\"@id\":\"https:\\\/\\\/nightofideas.org\\\/2024\\\/#website\",\"url\":\"https:\\\/\\\/nightofideas.org\\\/2024\\\/\",\"name\":\"Night of Ideas\",\"description\":\"\",\"publisher\":{\"@id\":\"https:\\\/\\\/nightofideas.org\\\/2024\\\/#organization\"},\"potentialAction\":[{\"@type\":\"SearchAction\",\"target\":{\"@type\":\"EntryPoint\",\"urlTemplate\":\"https:\\\/\\\/nightofideas.org\\\/2024\\\/?s={search_term_string}\"},\"query-input\":{\"@type\":\"PropertyValueSpecification\",\"valueRequired\":true,\"valueName\":\"search_term_string\"}}],\"inLanguage\":\"en-US\"},{\"@type\":\"Organization\",\"@id\":\"https:\\\/\\\/nightofideas.org\\\/2024\\\/#organization\",\"name\":\"nightofideas\",\"url\":\"https:\\\/\\\/nightofideas.org\\\/2024\\\/\",\"logo\":{\"@type\":\"ImageObject\",\"inLanguage\":\"en-US\",\"@id\":\"https:\\\/\\\/nightofideas.org\\\/2024\\\/#\\\/schema\\\/logo\\\/image\\\/\",\"url\":\"https:\\\/\\\/nightofideas.org\\\/2024\\\/wp-content\\\/uploads\\\/2024\\\/01\\\/NOI_2024_LOGO.jpg\",\"contentUrl\":\"https:\\\/\\\/nightofideas.org\\\/2024\\\/wp-content\\\/uploads\\\/2024\\\/01\\\/NOI_2024_LOGO.jpg\",\"width\":882,\"height\":570,\"caption\":\"nightofideas\"},\"image\":{\"@id\":\"https:\\\/\\\/nightofideas.org\\\/2024\\\/#\\\/schema\\\/logo\\\/image\\\/\"},\"sameAs\":[\"https:\\\/\\\/www.facebook.com\\\/villaalbertineusa\",\"https:\\\/\\\/x.com\\\/villa_albertine\",\"https:\\\/\\\/www.instagram.com\\\/villa.albertine\\\/\"]}]}<\/script>\n<!-- \/ Yoast SEO plugin. -->","yoast_head_json":{"title":"Gainesville - Night of Ideas 2024","robots":{"index":"index","follow":"follow","max-snippet":"max-snippet:-1","max-image-preview":"max-image-preview:large","max-video-preview":"max-video-preview:-1"},"canonical":"https:\/\/nightofideas.org\/2024\/gainesville\/","og_locale":"en_US","og_type":"article","og_title":"Gainesville - Night of Ideas 2024","og_description":"The University of Florida&#8217;s Night of Ideas will be an interdisciplinary event titled, &#8220;\u00c0 l&#8217;\u00e9coute des \u00eeles et des presqu&#8217;\u00eeles&#8221; (Listening to Islands and Peninsulas). The program will feature a roundtable discussion focusing on environmental humanities with a particular concentration on islands and peninsulas. &nbsp; Speakers include Gabriele Belletti (LLC, French and Italian Studies, UF), [&hellip;]","og_url":"https:\/\/nightofideas.org\/2024\/gainesville\/","og_site_name":"Night of Ideas 2024","article_publisher":"https:\/\/www.facebook.com\/villaalbertineusa","article_modified_time":"2024-02-21T15:30:49+00:00","og_image":[{"width":1314,"height":876,"url":"https:\/\/nightofideas.org\/2024\/wp-content\/uploads\/2024\/01\/Gainesville-miami.jpg?v=1776174070","type":"image\/jpeg"}],"twitter_card":"summary_large_image","twitter_image":"?v=1776174070","twitter_site":"@villa_albertine","twitter_misc":{"Est. reading time":"2 minutes"},"schema":{"@context":"https:\/\/schema.org","@graph":[{"@type":"WebPage","@id":"https:\/\/nightofideas.org\/2024\/gainesville\/","url":"https:\/\/nightofideas.org\/2024\/gainesville\/","name":"Gainesville - Night of Ideas 2024","isPartOf":{"@id":"https:\/\/nightofideas.org\/2024\/#website"},"primaryImageOfPage":{"@id":"https:\/\/nightofideas.org\/2024\/gainesville\/#primaryimage"},"image":{"@id":"https:\/\/nightofideas.org\/2024\/gainesville\/#primaryimage"},"thumbnailUrl":"https:\/\/nightofideas.org\/2024\/wp-content\/uploads\/2024\/01\/Gainesville-miami.jpg","datePublished":"2024-01-24T15:27:44+00:00","dateModified":"2024-02-21T15:30:49+00:00","breadcrumb":{"@id":"https:\/\/nightofideas.org\/2024\/gainesville\/#breadcrumb"},"inLanguage":"en-US","potentialAction":[{"@type":"ReadAction","target":["https:\/\/nightofideas.org\/2024\/gainesville\/"]}]},{"@type":"ImageObject","inLanguage":"en-US","@id":"https:\/\/nightofideas.org\/2024\/gainesville\/#primaryimage","url":"https:\/\/nightofideas.org\/2024\/wp-content\/uploads\/2024\/01\/Gainesville-miami.jpg","contentUrl":"https:\/\/nightofideas.org\/2024\/wp-content\/uploads\/2024\/01\/Gainesville-miami.jpg","width":1314,"height":876},{"@type":"BreadcrumbList","@id":"https:\/\/nightofideas.org\/2024\/gainesville\/#breadcrumb","itemListElement":[{"@type":"ListItem","position":1,"name":"Home","item":"https:\/\/nightofideas.org\/2024\/"},{"@type":"ListItem","position":2,"name":"Gainesville"}]},{"@type":"WebSite","@id":"https:\/\/nightofideas.org\/2024\/#website","url":"https:\/\/nightofideas.org\/2024\/","name":"Night of Ideas","description":"","publisher":{"@id":"https:\/\/nightofideas.org\/2024\/#organization"},"potentialAction":[{"@type":"SearchAction","target":{"@type":"EntryPoint","urlTemplate":"https:\/\/nightofideas.org\/2024\/?s={search_term_string}"},"query-input":{"@type":"PropertyValueSpecification","valueRequired":true,"valueName":"search_term_string"}}],"inLanguage":"en-US"},{"@type":"Organization","@id":"https:\/\/nightofideas.org\/2024\/#organization","name":"nightofideas","url":"https:\/\/nightofideas.org\/2024\/","logo":{"@type":"ImageObject","inLanguage":"en-US","@id":"https:\/\/nightofideas.org\/2024\/#\/schema\/logo\/image\/","url":"https:\/\/nightofideas.org\/2024\/wp-content\/uploads\/2024\/01\/NOI_2024_LOGO.jpg","contentUrl":"https:\/\/nightofideas.org\/2024\/wp-content\/uploads\/2024\/01\/NOI_2024_LOGO.jpg","width":882,"height":570,"caption":"nightofideas"},"image":{"@id":"https:\/\/nightofideas.org\/2024\/#\/schema\/logo\/image\/"},"sameAs":["https:\/\/www.facebook.com\/villaalbertineusa","https:\/\/x.com\/villa_albertine","https:\/\/www.instagram.com\/villa.albertine\/"]}]}},"_links":{"self":[{"href":"https:\/\/nightofideas.org\/2024\/wp-json\/wp\/v2\/pages\/8025","targetHints":{"allow":["GET"]}}],"collection":[{"href":"https:\/\/nightofideas.org\/2024\/wp-json\/wp\/v2\/pages"}],"about":[{"href":"https:\/\/nightofideas.org\/2024\/wp-json\/wp\/v2\/types\/page"}],"author":[{"embeddable":true,"href":"https:\/\/nightofideas.org\/2024\/wp-json\/wp\/v2\/users\/22"}],"replies":[{"embeddable":true,"href":"https:\/\/nightofideas.org\/2024\/wp-json\/wp\/v2\/comments?post=8025"}],"version-history":[{"count":25,"href":"https:\/\/nightofideas.org\/2024\/wp-json\/wp\/v2\/pages\/8025\/revisions"}],"predecessor-version":[{"id":11300,"href":"https:\/\/nightofideas.org\/2024\/wp-json\/wp\/v2\/pages\/8025\/revisions\/11300"}],"wp:featuredmedia":[{"embeddable":true,"href":"https:\/\/nightofideas.org\/2024\/wp-json\/wp\/v2\/media\/9541"}],"wp:attachment":[{"href":"https:\/\/nightofideas.org\/2024\/wp-json\/wp\/v2\/media?parent=8025"}],"wp:term":[{"taxonomy":"city","embeddable":true,"href":"https:\/\/nightofideas.org\/2024\/wp-json\/wp\/v2\/city?post=8025"},{"taxonomy":"eventyear","embeddable":true,"href":"https:\/\/nightofideas.org\/2024\/wp-json\/wp\/v2\/eventyear?post=8025"}],"curies":[{"name":"wp","href":"https:\/\/api.w.org\/{rel}","templated":true}]}}