{"id":8400,"date":"2024-01-26T22:39:53","date_gmt":"2024-01-26T22:39:53","guid":{"rendered":"https:\/\/nightofideas.org\/?page_id=8400"},"modified":"2024-02-09T16:14:35","modified_gmt":"2024-02-09T16:14:35","slug":"highlights","status":"publish","type":"page","link":"https:\/\/nightofideas.org\/2024\/chicago\/highlights\/","title":{"rendered":"Highlights"},"content":{"rendered":"<p style=\"text-align: left;\">Join us for an captivating night in Chicago during Night of Ideas &#8211;\u00a0 from Muoto Studio&#8217;s visionary Ball Theater to Isabelle Olivier&#8217;s exclusive cin\u00e9-concert celebrating pioneering women of cinema, with open-access exhibitions at the Chicago Architecture Center. Be prepared to dive into an awe-inspiring evening of engaging talks and performances.\u00a0<\/p>\r\n<p style=\"text-align: left;\">Explore the &#8220;Schedule&#8221; section to discover the full program for the evening.<\/p>\r\n<p style=\"text-align: left;\">#NightOfIdeasChicago<\/p>\r\n<p>&nbsp;<\/p>\r\n<hr \/>\r\n<h1 style=\"text-align: left;\">\u00a0<\/h1>\r\n<h1 style=\"text-align: left;\"><strong>Throughout the Night | Muoto Studio and the Cresson Lab Unveil the <em>Ball Theater <\/em>x<em> Radio Utopia<\/em> Installation<\/strong><\/h1>\r\n<p><em>&#8220;It is a space for reflection and a laboratory for imagination and celebration, suggesting a new approach to current crises, through questioning, letting go, and the search for alternatives and imaginaries.&#8221;<\/em><\/p>\r\n<p>&nbsp;<\/p>\r\n<div id=\"attachment_8931\" style=\"width: 1034px\" class=\"wp-caption aligncenter\"><img loading=\"lazy\" decoding=\"async\" aria-describedby=\"caption-attachment-8931\" class=\"size-large wp-image-8931\" src=\"https:\/\/nightofideas.org\/2024\/wp-content\/uploads\/2024\/01\/08b_Ball-Theater-\u00a9muoto-Georgi-Stanishev-1-1024x819.jpg\" alt=\"\" width=\"1024\" height=\"819\" srcset=\"https:\/\/nightofideas.org\/2024\/wp-content\/uploads\/2024\/01\/08b_Ball-Theater-\u00a9muoto-Georgi-Stanishev-1-1024x819.jpg 1024w, https:\/\/nightofideas.org\/2024\/wp-content\/uploads\/2024\/01\/08b_Ball-Theater-\u00a9muoto-Georgi-Stanishev-1-300x240.jpg 300w, https:\/\/nightofideas.org\/2024\/wp-content\/uploads\/2024\/01\/08b_Ball-Theater-\u00a9muoto-Georgi-Stanishev-1-768x614.jpg 768w, https:\/\/nightofideas.org\/2024\/wp-content\/uploads\/2024\/01\/08b_Ball-Theater-\u00a9muoto-Georgi-Stanishev-1-1536x1229.jpg 1536w, https:\/\/nightofideas.org\/2024\/wp-content\/uploads\/2024\/01\/08b_Ball-Theater-\u00a9muoto-Georgi-Stanishev-1-2048x1638.jpg 2048w\" sizes=\"auto, (max-width: 1024px) 100vw, 1024px\" \/><p id=\"caption-attachment-8931\" class=\"wp-caption-text\">The Ball Theater Installation : &#8220;La f\u00eate n&#8217;est pas finie&#8221; at the Venice Architecture Biennale (2023)<\/p><\/div>\r\n<p style=\"text-align: left;\">\u00a0<\/p>\r\n<p style=\"text-align: left;\">In light of Chicago\u2019s 2024 Night of Ideas, <em><a href=\"http:\/\/www.studiomuoto.com\/\">Muoto<\/a>\u2018s v<\/em>isionary installation <em>The Ball Theater <\/em>will travel from The Venice Architecture Biennale to the Chicago Architecture Center. The installation will be composed of 40 microphone stands, each holding a suspended speaker.\u00a0 The speakers, which will be handheld or placed on stands, will echo \u201cWorld News\u201d (<em><a href=\"https:\/\/cressound.grenoble.archi.fr\/son\/2023_VENEZIA\/RADIO_UTOPIA_ACCUEIL-EN.html\">Nouvelles du Monde)<\/a><\/em>, in French, English and other languages : short extracts of tales, stories, and sounds from all around the globe. Those recordings are part of the <a href=\"https:\/\/www.bing.com\/search?q=radio+utopia+cresson&amp;qs=n&amp;form=QBRE&amp;sp=-1&amp;ghc=1&amp;lq=0&amp;pq=radio+utopia+cresso&amp;sc=6-19&amp;sk=&amp;cvid=CEA309D17AA744B48732AD22763D4761&amp;ghsh=0&amp;ghacc=0&amp;ghpl=\"><em>Radio Utopia<\/em><\/a> project by the Cresson Laboratory (School of Architecture of Grenoble).\u00a0<\/p>\r\n<p>&nbsp;<\/p>\r\n<p style=\"text-align: left;\">The <span style=\"text-decoration: underline;\"><em><a href=\"https:\/\/balltheater.institutfrancais.com\/en\">Ball Theater<\/a> <\/em><\/span>is a ground for fictional experimentation, research, and debate. It is in other terms, a radio theater. How can sound convey different realities of contemporary worlds ? The Ball Theater responds to Lesley Lokko&#8217;s &#8220;Laboratory of the Future&#8221; theme, offering spectacular sound architecture, an alternative space for reflection and a laboratory for imagination and celebration. <a href=\"https:\/\/www.georgistanishev.com\/\">Georgi Stanishev<\/a> was co-curator, with Studio Muoto, of the French Pavilion &#8211; Ball Theater Installation at the 18<sup>th<\/sup> Venice Architecture Biennale 2023.\u00a0<\/p>\r\n<p>&nbsp;<\/p>\r\n<p style=\"text-align: left;\"><em><strong>Muoto <\/strong>is an architectural practice founded in Paris in 2003 by Gilles Delalex and Yves Moreau. Its activities cover the fields of architecture, urban planning, design, teaching, and scientific research. Muoto\u2019s work features minimal structures that can combine different activities, evolve in time, and merge economical and aesthetic issues. The practice is identified as a representative of a new French architectural scene described as \u201cnew realism.\u201d<\/em><\/p>\r\n\r\n<p style=\"text-align: left;\">\u00a0<\/p>\r\n<p>&nbsp;<\/p>\r\n<hr \/>\r\n<h1 style=\"text-align: center;\">\u00a0<\/h1>\r\n<h1 style=\"text-align: left;\"><strong>7:30pm | Isabelle Olivier Performs <em>The Consequences of Feminism<\/em><\/strong><\/h1>\r\n<p><em>\u201cBy working at the converging point of cultures within a variety of art forms, I am able to reveal a truly boundless realm of humanity and art.\u201d<\/em><\/p>\r\n<p>&nbsp;<\/p>\r\n<div id=\"attachment_8961\" style=\"width: 1034px\" class=\"wp-caption alignright\"><img loading=\"lazy\" decoding=\"async\" aria-describedby=\"caption-attachment-8961\" class=\"wp-image-8961 size-large\" src=\"https:\/\/nightofideas.org\/2024\/wp-content\/uploads\/2024\/01\/isabelle_olivier_4-1024x576.jpg\" alt=\"\" width=\"1024\" height=\"576\" srcset=\"https:\/\/nightofideas.org\/2024\/wp-content\/uploads\/2024\/01\/isabelle_olivier_4-1024x576.jpg 1024w, https:\/\/nightofideas.org\/2024\/wp-content\/uploads\/2024\/01\/isabelle_olivier_4-300x169.jpg 300w, https:\/\/nightofideas.org\/2024\/wp-content\/uploads\/2024\/01\/isabelle_olivier_4-768x432.jpg 768w, https:\/\/nightofideas.org\/2024\/wp-content\/uploads\/2024\/01\/isabelle_olivier_4.jpg 1392w\" sizes=\"auto, (max-width: 1024px) 100vw, 1024px\" \/><p id=\"caption-attachment-8961\" class=\"wp-caption-text\">Isabelle Olivier<\/p><\/div>\r\n<p style=\"text-align: left;\">\u00a0<\/p>\r\n<p style=\"text-align: left;\">In August 2019, after reading an article about Alice Guy-Blach\u00e9 entitled \u201c<em>Et si M\u00e9li\u00e8s \u00e9tait une femme?<\/em>\u201d (\u201cWhat if M\u00e9li\u00e8s had been a woman?\u201d) in <em>Le Monde<\/em>, Isabelle Olivier began researching women pioneers of cinema and eventually wrote the live soundtrack to a silent film screening in 2021. During the first few decades of cinema, the most innovative and renowned US filmmakers were women. Guy-Blach\u00e9 laid the foundations of cinematic language, while others, such as Mabel Normand (who taught Charlie Chaplin all about filmmaking), action star Grace Cunard, and LGBTQIA+ icon Alla Nazimova, took daring steps to develop the field further.\u00a0<\/p>\r\n<p style=\"text-align: left;\">\u00a0<\/p>\r\n<p style=\"text-align: left;\">Never shying away from controversy, creative, free, intrepid women filmmakers, such as Lois Weber and Dorothy Davenport Reid tackled the explosive, controversial issues of their era, such as birth control, abortion, and prostitution. They were true artists, incredible visionaries, and militant activists. So how is it that such an important body of work has been overlooked? During her residency at Villa Albertine, she carried out her quest to revive the work of women pioneers of cinema, shining a spotlight on films by minority women.\u00a0 In an enchanted interlude, Harpist Isabelle Olivier will present and accompany Alice Guy\u2019s silent film <em>The Consequences of Feminism\u00a0<\/em>(1906).<\/p>\r\n<p>&nbsp;<\/p>\r\n<p style=\"text-align: left;\"><em>Isabelle Olivier is a jazzwoman and harpist with a strong musical personality. She brings a wave of freshness and novelty to the international artistic world with her surprising and unique instrument and her distinctive style. A Villa Albertine resident, she is a composer dealing with several genres: jazz, Celtic, urban, electro, and contemporary music. She had the opportunity to share her musical expertise in the cinema (Agn\u00e8s Varda, Abdellatif Kechiche) and performing arts fields. She is currently an associate artist in residency at the Theatre of Longjumeau for the next three years. From 2019 to 2022, she was an associate artist in residency at La Ferme de Bel \u00c9bat \u2013 theatre of Guyancourt. Isabelle Olivier played in 25 countries presenting her musical creations. Her latest project is &#8220;SMILE,&#8221; a live performance mixing acoustic and electronic music with circus performances.<\/em> \u00a0<\/p>\r\n<p>&nbsp;<\/p>\r\n<hr \/>\r\n<h1 style=\"text-align: left;\"><strong>Throughout the Night | <em>Systems<\/em> by ChartierDalix<\/strong><\/h1>\r\n<p><em>\u201cA much sounder, more rational energy-saving approach is to repair and stimulate, rather than to knock down and rebuild. This method offers a reserve of materials for reuse as well as a formidable opportunity to discover new uses through conversion.\u201d<\/em><\/p>\r\n<p style=\"text-align: left;\">\u00a0<\/p>\r\n<div id=\"attachment_8975\" style=\"width: 1034px\" class=\"wp-caption alignright\"><img loading=\"lazy\" decoding=\"async\" aria-describedby=\"caption-attachment-8975\" class=\"wp-image-8975 size-large\" src=\"https:\/\/nightofideas.org\/2024\/wp-content\/uploads\/2024\/01\/CAC-Systems-Exhibit_Photo-by-Anna-Munzesheimer-5-scaled-e1706651752426-1024x614.jpg\" alt=\"\" width=\"1024\" height=\"614\" srcset=\"https:\/\/nightofideas.org\/2024\/wp-content\/uploads\/2024\/01\/CAC-Systems-Exhibit_Photo-by-Anna-Munzesheimer-5-scaled-e1706651752426-1024x614.jpg 1024w, https:\/\/nightofideas.org\/2024\/wp-content\/uploads\/2024\/01\/CAC-Systems-Exhibit_Photo-by-Anna-Munzesheimer-5-scaled-e1706651752426-300x180.jpg 300w, https:\/\/nightofideas.org\/2024\/wp-content\/uploads\/2024\/01\/CAC-Systems-Exhibit_Photo-by-Anna-Munzesheimer-5-scaled-e1706651752426-768x461.jpg 768w, https:\/\/nightofideas.org\/2024\/wp-content\/uploads\/2024\/01\/CAC-Systems-Exhibit_Photo-by-Anna-Munzesheimer-5-scaled-e1706651752426-1536x922.jpg 1536w, https:\/\/nightofideas.org\/2024\/wp-content\/uploads\/2024\/01\/CAC-Systems-Exhibit_Photo-by-Anna-Munzesheimer-5-scaled-e1706651752426-2048x1229.jpg 2048w\" sizes=\"auto, (max-width: 1024px) 100vw, 1024px\" \/><p id=\"caption-attachment-8975\" class=\"wp-caption-text\">Courtesy of the Chicago Architecture Center @ Anna Munzesheimer<\/p><\/div>\r\n<p style=\"text-align: left;\">\u00a0<\/p>\r\n<p style=\"text-align: left;\">The exhibition chronicles the work of this trailblazing French design firm, with an emphasis on projects that marry architecture and ecology, that create innovate new public spaces in cities, and that reinvent existing buildings through sensitive rehabilitation efforts. The work presented spans all scales, from architecture and the city to the smallest living organism. Large format photography, artifacts, and architectural models bring to life the design thinking behind each project. The exhibition also shares the speculative research <em>ChartierDalix<\/em> conducted this fall during an eight-week residency at <em>the Chicago Architecture Center with Villa Albertine Chicago<\/em>, as official contributors to the 5th Chicago Architecture Biennial. The inquiry has been focused on efforts to revitalize the Loop, Chicago\u2019s central business district. Like many downtowns, Chicago has seen its share of recent challenges with COVID-19, inflation, and the emergence of remote work arrangements.<strong> <em>The ChartierDalix Architecture Agency was a Villa Albertine resident in Chicago in the Fall of 2023. Systems is the result of their work.<\/em><\/strong><\/p>\r\n<p>&nbsp;<\/p>\r\n<p>From 6.30pm, every 30 minutes, students from IIT&#8217;s College of Architecture will present their work on the Loop, inspired by Chartier-Dalix : Mohammad Arabamazar, Juliana Cardozo Chamorro, Cameron Carter, Jinchen Chen,\u00a0 Zhicong Fang, Maurice Gaston, Lauren Geske, Caleb Hadley and Jorge Mayorga, under the supervision of Prof. Ron Henderson.<\/p>\r\n<p>&nbsp;<\/p>\r\n<p style=\"text-align: left;\"><em>Since its founding,\u00a0<a href=\"https:\/\/www.chartier-dalix.com\/fr\">ChartierDalix\u00a0<\/a>has brought to life over twenty buildings, with a further dozen currently under construction. In 2017, the French Academy of Architecture presented the agency with the Le Soufach\u00e9 Prize in recognition of all its work, which has also been acclaimed at a large number of international competitions. The agency was the winner in 2016 of a competition to renovate the Ternes district of Paris (entitled R\u00e9inventer Paris, Ternes). In 2017, it won another competition to restructure the Montparnasse Tower, working as part of the Nouvelle AOM collective, which also includes Hardel &amp; Le Bihan Architectes, and Franklin Azzi Architecture. In 2019, Fr\u00e9d\u00e9ric Chartier and Pascale Dalix were named as Chevaliers des Arts et des Lettres (\u201cKnights of the Order of Arts and Letters\u201d).<\/em><\/p>\r\n<p style=\"text-align: left;\">\u00a0<\/p>","protected":false},"excerpt":{"rendered":"<p>Join us for an captivating night in Chicago during Night of Ideas &#8211;\u00a0 from Muoto Studio&#8217;s visionary Ball Theater to Isabelle Olivier&#8217;s exclusive cin\u00e9-concert celebrating pioneering women of cinema, with open-access exhibitions at the Chicago Architecture Center. Be prepared to dive into an awe-inspiring evening of engaging talks and performances.\u00a0 Explore the &#8220;Schedule&#8221; section to [&hellip;]<\/p>\n","protected":false},"author":9,"featured_media":0,"parent":256,"menu_order":0,"comment_status":"closed","ping_status":"closed","template":"","meta":{"_acf_changed":false,"footnotes":""},"city":[10],"eventyear":[31],"class_list":["post-8400","page","type-page","status-publish","hentry"],"acf":[],"yoast_head":"<!-- This site is optimized with the Yoast SEO plugin v27.4 - https:\/\/yoast.com\/product\/yoast-seo-wordpress\/ -->\n<title>Highlights - Night of Ideas 2024<\/title>\n<meta name=\"robots\" content=\"index, follow, max-snippet:-1, max-image-preview:large, max-video-preview:-1\" \/>\n<link rel=\"canonical\" href=\"https:\/\/nightofideas.org\/2024\/chicago\/highlights\/\" \/>\n<meta property=\"og:locale\" content=\"en_US\" \/>\n<meta property=\"og:type\" content=\"article\" \/>\n<meta property=\"og:title\" content=\"Highlights - Night of Ideas 2024\" \/>\n<meta property=\"og:description\" content=\"Join us for an captivating night in Chicago during Night of Ideas &#8211;\u00a0 from Muoto Studio&#8217;s visionary Ball Theater to Isabelle Olivier&#8217;s exclusive cin\u00e9-concert celebrating pioneering women of cinema, with open-access exhibitions at the Chicago Architecture Center. Be prepared to dive into an awe-inspiring evening of engaging talks and performances.\u00a0 Explore the &#8220;Schedule&#8221; section to [&hellip;]\" \/>\n<meta property=\"og:url\" content=\"https:\/\/nightofideas.org\/2024\/chicago\/highlights\/\" \/>\n<meta property=\"og:site_name\" content=\"Night of Ideas 2024\" \/>\n<meta property=\"article:publisher\" content=\"https:\/\/www.facebook.com\/villaalbertineusa\" \/>\n<meta property=\"article:modified_time\" content=\"2024-02-09T16:14:35+00:00\" \/>\n<meta property=\"og:image\" content=\"https:\/\/nightofideas.org\/2024\/wp-content\/uploads\/2024\/01\/isabelle_olivier_4-1024x576.jpg?v=1777479831\" \/>\n<meta name=\"twitter:card\" content=\"summary_large_image\" \/>\n<meta name=\"twitter:image\" content=\"?v=1777479831\" \/>\n<meta name=\"twitter:site\" content=\"@villa_albertine\" \/>\n<meta name=\"twitter:label1\" content=\"Est. reading time\" \/>\n\t<meta name=\"twitter:data1\" content=\"6 minutes\" \/>\n<script type=\"application\/ld+json\" class=\"yoast-schema-graph\">{\"@context\":\"https:\\\/\\\/schema.org\",\"@graph\":[{\"@type\":\"WebPage\",\"@id\":\"https:\\\/\\\/nightofideas.org\\\/2024\\\/chicago\\\/highlights\\\/\",\"url\":\"https:\\\/\\\/nightofideas.org\\\/2024\\\/chicago\\\/highlights\\\/\",\"name\":\"Highlights - Night of Ideas 2024\",\"isPartOf\":{\"@id\":\"https:\\\/\\\/nightofideas.org\\\/2024\\\/#website\"},\"primaryImageOfPage\":{\"@id\":\"https:\\\/\\\/nightofideas.org\\\/2024\\\/chicago\\\/highlights\\\/#primaryimage\"},\"image\":{\"@id\":\"https:\\\/\\\/nightofideas.org\\\/2024\\\/chicago\\\/highlights\\\/#primaryimage\"},\"thumbnailUrl\":\"https:\\\/\\\/nightofideas.org\\\/2024\\\/wp-content\\\/uploads\\\/2024\\\/01\\\/isabelle_olivier_4-1024x576.jpg\",\"datePublished\":\"2024-01-26T22:39:53+00:00\",\"dateModified\":\"2024-02-09T16:14:35+00:00\",\"breadcrumb\":{\"@id\":\"https:\\\/\\\/nightofideas.org\\\/2024\\\/chicago\\\/highlights\\\/#breadcrumb\"},\"inLanguage\":\"en-US\",\"potentialAction\":[{\"@type\":\"ReadAction\",\"target\":[\"https:\\\/\\\/nightofideas.org\\\/2024\\\/chicago\\\/highlights\\\/\"]}]},{\"@type\":\"ImageObject\",\"inLanguage\":\"en-US\",\"@id\":\"https:\\\/\\\/nightofideas.org\\\/2024\\\/chicago\\\/highlights\\\/#primaryimage\",\"url\":\"https:\\\/\\\/nightofideas.org\\\/2024\\\/wp-content\\\/uploads\\\/2024\\\/01\\\/isabelle_olivier_4.jpg\",\"contentUrl\":\"https:\\\/\\\/nightofideas.org\\\/2024\\\/wp-content\\\/uploads\\\/2024\\\/01\\\/isabelle_olivier_4.jpg\",\"width\":1392,\"height\":783},{\"@type\":\"BreadcrumbList\",\"@id\":\"https:\\\/\\\/nightofideas.org\\\/2024\\\/chicago\\\/highlights\\\/#breadcrumb\",\"itemListElement\":[{\"@type\":\"ListItem\",\"position\":1,\"name\":\"Home\",\"item\":\"https:\\\/\\\/nightofideas.org\\\/2024\\\/\"},{\"@type\":\"ListItem\",\"position\":2,\"name\":\"Chicago\",\"item\":\"https:\\\/\\\/nightofideas.org\\\/2024\\\/chicago\\\/\"},{\"@type\":\"ListItem\",\"position\":3,\"name\":\"Highlights\"}]},{\"@type\":\"WebSite\",\"@id\":\"https:\\\/\\\/nightofideas.org\\\/2024\\\/#website\",\"url\":\"https:\\\/\\\/nightofideas.org\\\/2024\\\/\",\"name\":\"Night of Ideas\",\"description\":\"\",\"publisher\":{\"@id\":\"https:\\\/\\\/nightofideas.org\\\/2024\\\/#organization\"},\"potentialAction\":[{\"@type\":\"SearchAction\",\"target\":{\"@type\":\"EntryPoint\",\"urlTemplate\":\"https:\\\/\\\/nightofideas.org\\\/2024\\\/?s={search_term_string}\"},\"query-input\":{\"@type\":\"PropertyValueSpecification\",\"valueRequired\":true,\"valueName\":\"search_term_string\"}}],\"inLanguage\":\"en-US\"},{\"@type\":\"Organization\",\"@id\":\"https:\\\/\\\/nightofideas.org\\\/2024\\\/#organization\",\"name\":\"nightofideas\",\"url\":\"https:\\\/\\\/nightofideas.org\\\/2024\\\/\",\"logo\":{\"@type\":\"ImageObject\",\"inLanguage\":\"en-US\",\"@id\":\"https:\\\/\\\/nightofideas.org\\\/2024\\\/#\\\/schema\\\/logo\\\/image\\\/\",\"url\":\"https:\\\/\\\/nightofideas.org\\\/2024\\\/wp-content\\\/uploads\\\/2024\\\/01\\\/NOI_2024_LOGO.jpg\",\"contentUrl\":\"https:\\\/\\\/nightofideas.org\\\/2024\\\/wp-content\\\/uploads\\\/2024\\\/01\\\/NOI_2024_LOGO.jpg\",\"width\":882,\"height\":570,\"caption\":\"nightofideas\"},\"image\":{\"@id\":\"https:\\\/\\\/nightofideas.org\\\/2024\\\/#\\\/schema\\\/logo\\\/image\\\/\"},\"sameAs\":[\"https:\\\/\\\/www.facebook.com\\\/villaalbertineusa\",\"https:\\\/\\\/x.com\\\/villa_albertine\",\"https:\\\/\\\/www.instagram.com\\\/villa.albertine\\\/\"]}]}<\/script>\n<!-- \/ Yoast SEO plugin. -->","yoast_head_json":{"title":"Highlights - Night of Ideas 2024","robots":{"index":"index","follow":"follow","max-snippet":"max-snippet:-1","max-image-preview":"max-image-preview:large","max-video-preview":"max-video-preview:-1"},"canonical":"https:\/\/nightofideas.org\/2024\/chicago\/highlights\/","og_locale":"en_US","og_type":"article","og_title":"Highlights - Night of Ideas 2024","og_description":"Join us for an captivating night in Chicago during Night of Ideas &#8211;\u00a0 from Muoto Studio&#8217;s visionary Ball Theater to Isabelle Olivier&#8217;s exclusive cin\u00e9-concert celebrating pioneering women of cinema, with open-access exhibitions at the Chicago Architecture Center. Be prepared to dive into an awe-inspiring evening of engaging talks and performances.\u00a0 Explore the &#8220;Schedule&#8221; section to [&hellip;]","og_url":"https:\/\/nightofideas.org\/2024\/chicago\/highlights\/","og_site_name":"Night of Ideas 2024","article_publisher":"https:\/\/www.facebook.com\/villaalbertineusa","article_modified_time":"2024-02-09T16:14:35+00:00","og_image":[{"url":"https:\/\/nightofideas.org\/2024\/wp-content\/uploads\/2024\/01\/isabelle_olivier_4-1024x576.jpg?v=1777479831","type":"","width":"","height":""}],"twitter_card":"summary_large_image","twitter_image":"?v=1777479831","twitter_site":"@villa_albertine","twitter_misc":{"Est. reading time":"6 minutes"},"schema":{"@context":"https:\/\/schema.org","@graph":[{"@type":"WebPage","@id":"https:\/\/nightofideas.org\/2024\/chicago\/highlights\/","url":"https:\/\/nightofideas.org\/2024\/chicago\/highlights\/","name":"Highlights - Night of Ideas 2024","isPartOf":{"@id":"https:\/\/nightofideas.org\/2024\/#website"},"primaryImageOfPage":{"@id":"https:\/\/nightofideas.org\/2024\/chicago\/highlights\/#primaryimage"},"image":{"@id":"https:\/\/nightofideas.org\/2024\/chicago\/highlights\/#primaryimage"},"thumbnailUrl":"https:\/\/nightofideas.org\/2024\/wp-content\/uploads\/2024\/01\/isabelle_olivier_4-1024x576.jpg","datePublished":"2024-01-26T22:39:53+00:00","dateModified":"2024-02-09T16:14:35+00:00","breadcrumb":{"@id":"https:\/\/nightofideas.org\/2024\/chicago\/highlights\/#breadcrumb"},"inLanguage":"en-US","potentialAction":[{"@type":"ReadAction","target":["https:\/\/nightofideas.org\/2024\/chicago\/highlights\/"]}]},{"@type":"ImageObject","inLanguage":"en-US","@id":"https:\/\/nightofideas.org\/2024\/chicago\/highlights\/#primaryimage","url":"https:\/\/nightofideas.org\/2024\/wp-content\/uploads\/2024\/01\/isabelle_olivier_4.jpg","contentUrl":"https:\/\/nightofideas.org\/2024\/wp-content\/uploads\/2024\/01\/isabelle_olivier_4.jpg","width":1392,"height":783},{"@type":"BreadcrumbList","@id":"https:\/\/nightofideas.org\/2024\/chicago\/highlights\/#breadcrumb","itemListElement":[{"@type":"ListItem","position":1,"name":"Home","item":"https:\/\/nightofideas.org\/2024\/"},{"@type":"ListItem","position":2,"name":"Chicago","item":"https:\/\/nightofideas.org\/2024\/chicago\/"},{"@type":"ListItem","position":3,"name":"Highlights"}]},{"@type":"WebSite","@id":"https:\/\/nightofideas.org\/2024\/#website","url":"https:\/\/nightofideas.org\/2024\/","name":"Night of Ideas","description":"","publisher":{"@id":"https:\/\/nightofideas.org\/2024\/#organization"},"potentialAction":[{"@type":"SearchAction","target":{"@type":"EntryPoint","urlTemplate":"https:\/\/nightofideas.org\/2024\/?s={search_term_string}"},"query-input":{"@type":"PropertyValueSpecification","valueRequired":true,"valueName":"search_term_string"}}],"inLanguage":"en-US"},{"@type":"Organization","@id":"https:\/\/nightofideas.org\/2024\/#organization","name":"nightofideas","url":"https:\/\/nightofideas.org\/2024\/","logo":{"@type":"ImageObject","inLanguage":"en-US","@id":"https:\/\/nightofideas.org\/2024\/#\/schema\/logo\/image\/","url":"https:\/\/nightofideas.org\/2024\/wp-content\/uploads\/2024\/01\/NOI_2024_LOGO.jpg","contentUrl":"https:\/\/nightofideas.org\/2024\/wp-content\/uploads\/2024\/01\/NOI_2024_LOGO.jpg","width":882,"height":570,"caption":"nightofideas"},"image":{"@id":"https:\/\/nightofideas.org\/2024\/#\/schema\/logo\/image\/"},"sameAs":["https:\/\/www.facebook.com\/villaalbertineusa","https:\/\/x.com\/villa_albertine","https:\/\/www.instagram.com\/villa.albertine\/"]}]}},"_links":{"self":[{"href":"https:\/\/nightofideas.org\/2024\/wp-json\/wp\/v2\/pages\/8400","targetHints":{"allow":["GET"]}}],"collection":[{"href":"https:\/\/nightofideas.org\/2024\/wp-json\/wp\/v2\/pages"}],"about":[{"href":"https:\/\/nightofideas.org\/2024\/wp-json\/wp\/v2\/types\/page"}],"author":[{"embeddable":true,"href":"https:\/\/nightofideas.org\/2024\/wp-json\/wp\/v2\/users\/9"}],"replies":[{"embeddable":true,"href":"https:\/\/nightofideas.org\/2024\/wp-json\/wp\/v2\/comments?post=8400"}],"version-history":[{"count":108,"href":"https:\/\/nightofideas.org\/2024\/wp-json\/wp\/v2\/pages\/8400\/revisions"}],"predecessor-version":[{"id":10682,"href":"https:\/\/nightofideas.org\/2024\/wp-json\/wp\/v2\/pages\/8400\/revisions\/10682"}],"up":[{"embeddable":true,"href":"https:\/\/nightofideas.org\/2024\/wp-json\/wp\/v2\/pages\/256"}],"wp:attachment":[{"href":"https:\/\/nightofideas.org\/2024\/wp-json\/wp\/v2\/media?parent=8400"}],"wp:term":[{"taxonomy":"city","embeddable":true,"href":"https:\/\/nightofideas.org\/2024\/wp-json\/wp\/v2\/city?post=8400"},{"taxonomy":"eventyear","embeddable":true,"href":"https:\/\/nightofideas.org\/2024\/wp-json\/wp\/v2\/eventyear?post=8400"}],"curies":[{"name":"wp","href":"https:\/\/api.w.org\/{rel}","templated":true}]}}