{"id":16269,"date":"2025-10-28T20:02:38","date_gmt":"2025-10-28T20:02:38","guid":{"rendered":"https:\/\/nightofideas.org\/?page_id=16269"},"modified":"2025-11-13T15:37:39","modified_gmt":"2025-11-13T15:37:39","slug":"a-podcast-series-to-rediscover","status":"publish","type":"page","link":"https:\/\/nightofideas.org\/2025\/atlanta\/a-podcast-series-to-rediscover\/","title":{"rendered":"A Podcast Series to (Re)Discover"},"content":{"rendered":"<p>Villa Albertine Atlanta is pleased to announce the release of a three-episode podcast series based on the 2025 edition of Night of Ideas, produced in collaboration with Atlanta\u2019s public radio station WABE.<\/p>\n<p>Held from March 27 through April 6 at the iconic Goat Farm Arts Center, this edition of Night of Ideas brought together artists, thinkers, activists, and community members around the theme \u201cCommon Ground,\u201d an invitation to reflect on what we share, and how we can protect and nurture it.<\/p>\n<p>Through late-night discussions, live performances, art installations, and a main stage show designed as a live radio broadcast, the evening invited Atlantans to explore the literal and metaphorical dimensions of our shared spaces in an ever-changing world.<\/p>\n<p><strong>Three Podcast Episodes to Extend the Experience<\/strong><\/p>\n<p>Co-produced with WABE, this podcast series immerses listeners in key moments from the event, featuring panel discussions, exclusive interviews, and rich sound design to capture the energy of the night.<\/p>\n<p>The three episodes revolve around central questions explored during the evening:<\/p>\n<ul>\n<li><strong>To what extent is Atlanta a common ground for the different communities that call it home?<\/strong><\/li>\n<li><strong>What common ground can artists, institutions, and cultural communities create today?<\/strong><\/li>\n<li><strong>How can we promote AI and a digital world in service of shared creativity and human diversity?<\/strong><\/li>\n<\/ul>\n<p>This podcast is the result of a close collaboration between <strong>Villa Albertine Atlanta<\/strong> and <strong>WABE<\/strong>, most notably through the participation of <strong>Rose Scott<\/strong>, WABE\u2019s celebrated journalist, who hosted the live event and contributed to the podcast alongside <strong>Kevin Rinker<\/strong>, <strong>podcast producer at WABE<\/strong>.<\/p>\n<p><strong>Listen now on your favorite platform<\/strong>:<\/p>\n<ul>\n<li>Apple Podcasts<\/li>\n<li>Spotify<\/li>\n<li>WABE\u2019s website<\/li>\n<\/ul>\n<p><em><strong>Night of Ideas 2025 \u2013 Atlanta<\/strong> was presented by <strong>Villa Albertine<\/strong> and <strong>Goat Farm<\/strong>, in partnership with <strong>WABE<\/strong>, with support from the <strong>Mayor\u2019s Office of Cultural Affairs<\/strong>, and in collaboration with <strong>ASHA Advisory<\/strong>.<\/em><\/p>\n<p>&nbsp;<\/p>\n<p><a href=\"https:\/\/open.spotify.com\/episode\/34sZ6Z81JTM5pm6AmE23d4?si=5dafde1f78594caa&amp;nd=1&amp;dlsi=37701d11760849f7\">Episode 1: Atlanta as Common Ground<\/a><\/p>\n<p><iframe title=\"Spotify Embed: Atlanta as Common Ground | Atlanta comme espace commun\" style=\"border-radius: 12px\" width=\"100%\" height=\"152\" frameborder=\"0\" allowfullscreen allow=\"autoplay; clipboard-write; encrypted-media; fullscreen; picture-in-picture\" loading=\"lazy\" src=\"https:\/\/open.spotify.com\/embed\/episode\/34sZ6Z81JTM5pm6AmE23d4?si=5dafde1f78594caa&#038;nd=1&#038;dlsi=37701d11760849f7&#038;utm_source=oembed\"><\/iframe><\/p>\n<p>Welcome to Night of Ideas Atlanta 2025! In this episode, we focus on the question: to what extent is Atlanta a common ground for the different communities that call it home? We start with the former director of Villa Albertine, David Ruffel, sharing his ideas on common ground, head to a panel discussion hosted by WABE&#8217;s Rose Scott and featuring Illya Davis, Walid Hajar Rachedi, Jacqui Chew, Gigi Pedraza, and Saba Long, and wind things up exploring the visual and sonic landscape of Gyun Hur&#8217;s &#8220;Our mothers, our water, our peace.&#8221; Presented by Villa Albertine and Goat Farm, in partnership with WABE, with the support of the Atlanta Mayor&#8217;s Office of Cultural Affairs.<\/p>\n<p><a href=\"https:\/\/open.spotify.com\/episode\/3UTAzRGSxrYxZeEGuKA5Nd?si=ed11f9da2607409b\">Episode 2: Creating Common Ground<\/a><\/p>\n<p><iframe title=\"Spotify Embed: Creating Common Ground | Cr\u00e9er un espace commun, un \u201ccommon ground\u201d\" style=\"border-radius: 12px\" width=\"100%\" height=\"152\" frameborder=\"0\" allowfullscreen allow=\"autoplay; clipboard-write; encrypted-media; fullscreen; picture-in-picture\" loading=\"lazy\" src=\"https:\/\/open.spotify.com\/embed\/episode\/3UTAzRGSxrYxZeEGuKA5Nd?si=ed11f9da2607409b&#038;utm_source=oembed\"><\/iframe><\/p>\n<p>Night of Ideas Atlanta 2025 continues by asking: what common ground can artists, institutions, and cultural communities create today? Allie Bashuk, the creative director at Goat Farm, kicks off the conversation with her answer to that question, followed by Miranda Kyle, curator of indigenous arts of the Americas at Emory&#8217;s Michael C Carlos museum, and Miya Bailey, artist and founder of the Walker and Peters Project. Then WABE&#8217;s Rose Scott invites Miya Bailey, Miranda Kyle, and Alban Corbier-Labasse to the stage for a panel discussion. That&#8217;s followed by a second panel discussion still trying to answer this episode&#8217;s question with Fahamu Pecou, Pierre Singarav\u00e9lou, and TK Smith. (Here&#8217;s Fahamu Pecou&#8217;s piece &#8220;Get Free or Fly Trying.&#8221;) And then Mame-Fatou Niang, associate professor of French and Francophone Studies, brings the conversation home by sharing her thoughts on creating common ground. Presented by Villa Albertine and Goat Farm, in partnership with WABE, with the support of the Atlanta Mayor&#8217;s Office of Cultural Affairs.<\/p>\n<p><a href=\"https:\/\/open.spotify.com\/episode\/4j9qQQqoirU7vikBCgAI8c?si=nkiNtdisRm6a1rfkhvxSRA\">Episode 3: Al, Shared Creativity, and Human Diversity<\/a><\/p>\n<p><iframe title=\"Spotify Embed: AI, Shared Creativity, and Human Diversity | IA, cr\u00e9ativit\u00e9 partag\u00e9e et diversit\u00e9 humaine\" style=\"border-radius: 12px\" width=\"100%\" height=\"152\" frameborder=\"0\" allowfullscreen allow=\"autoplay; clipboard-write; encrypted-media; fullscreen; picture-in-picture\" loading=\"lazy\" src=\"https:\/\/open.spotify.com\/embed\/episode\/4j9qQQqoirU7vikBCgAI8c?si=nkiNtdisRm6a1rfkhvxSRA&#038;utm_source=oembed\"><\/iframe><\/p>\n<p>For the final episode of Night of Ideas Atlanta 2025, we asked: How can we promote Al and a digital world in service of shared creativity and human diversity? And we got answers! First, 2Cubes, a live electronic performance featuring Hyunkyung Shin on the double bass, Henrik von Coler on the synth and two augmented reality interfaces, offers a real-life demonstration of one way people are creating in the digital world. WABE&#8217;s Rose Scott is back again with a panel discussion addressing this episode&#8217;s question. That features Gil Weinberg, Ifeoma Ajunwa, and Ben Miller. The night winds down with an exploration of two installations that bridge the gap between the digital and physical worlds while creating art at the same time: Gil Weinberg&#8217;s &#8220;medusai,&#8221; an Al driven sculpture that may or may not want to play music with you, and Bojana Ginn&#8217;s &#8220;Pulse,&#8221; which takes your heart rate and oxygen levels and turns them into visual art. And that&#8217;s all for Night of Ideas Atlanta 2025. Thanks for connecting with us!<\/p>\n<p>&nbsp;<\/p>\n<p>&nbsp;<\/p>\n","protected":false},"excerpt":{"rendered":"<p>Villa Albertine Atlanta is pleased to announce the release of a three-episode podcast series based on the 2025 edition of Night of Ideas, produced in collaboration with Atlanta\u2019s public radio station WABE. Held from March 27 through April 6 at the iconic Goat Farm Arts Center, this edition of Night of Ideas brought together artists, [&hellip;]<\/p>\n","protected":false},"author":14,"featured_media":0,"parent":14,"menu_order":77,"comment_status":"closed","ping_status":"closed","template":"pages\/past-events.php","meta":{"_acf_changed":false,"footnotes":""},"city":[3],"eventyear":[31],"class_list":["post-16269","page","type-page","status-publish","hentry"],"yoast_head":"<!-- This site is optimized with the Yoast SEO plugin v27.3 - https:\/\/yoast.com\/product\/yoast-seo-wordpress\/ -->\n<title>A Podcast Series to (Re)Discover - Night of Ideas 2025<\/title>\n<meta name=\"robots\" content=\"index, follow, max-snippet:-1, max-image-preview:large, max-video-preview:-1\" \/>\n<link rel=\"canonical\" href=\"https:\/\/nightofideas.org\/2025\/atlanta\/a-podcast-series-to-rediscover\/\" \/>\n<meta property=\"og:locale\" content=\"en_US\" \/>\n<meta property=\"og:type\" content=\"article\" \/>\n<meta property=\"og:title\" content=\"A Podcast Series to (Re)Discover - Night of Ideas 2025\" \/>\n<meta property=\"og:description\" content=\"Villa Albertine Atlanta is pleased to announce the release of a three-episode podcast series based on the 2025 edition of Night of Ideas, produced in collaboration with Atlanta\u2019s public radio station WABE. Held from March 27 through April 6 at the iconic Goat Farm Arts Center, this edition of Night of Ideas brought together artists, [&hellip;]\" \/>\n<meta property=\"og:url\" content=\"https:\/\/nightofideas.org\/2025\/atlanta\/a-podcast-series-to-rediscover\/\" \/>\n<meta property=\"og:site_name\" content=\"Night of Ideas 2025\" \/>\n<meta property=\"article:publisher\" content=\"https:\/\/www.facebook.com\/villaalbertineusa\" \/>\n<meta property=\"article:modified_time\" content=\"2025-11-13T15:37:39+00:00\" \/>\n<meta property=\"og:image\" content=\"https:\/\/nightofideas.org\/2025\/wp-content\/uploads\/2025\/02\/VA_NOI25_LOGO_WEB_1080x675.jpg?v=1776185602\" \/>\n\t<meta property=\"og:image:width\" content=\"1080\" \/>\n\t<meta property=\"og:image:height\" content=\"675\" \/>\n\t<meta property=\"og:image:type\" content=\"image\/jpeg\" \/>\n<meta name=\"twitter:card\" content=\"summary_large_image\" \/>\n<meta name=\"twitter:image\" content=\"?v=1776185602\" \/>\n<meta name=\"twitter:site\" content=\"@villa_albertine\" \/>\n<meta name=\"twitter:label1\" content=\"Est. reading time\" \/>\n\t<meta name=\"twitter:data1\" content=\"4 minutes\" \/>\n<script type=\"application\/ld+json\" class=\"yoast-schema-graph\">{\"@context\":\"https:\\\/\\\/schema.org\",\"@graph\":[{\"@type\":\"WebPage\",\"@id\":\"https:\\\/\\\/nightofideas.org\\\/2025\\\/atlanta\\\/a-podcast-series-to-rediscover\\\/\",\"url\":\"https:\\\/\\\/nightofideas.org\\\/2025\\\/atlanta\\\/a-podcast-series-to-rediscover\\\/\",\"name\":\"A Podcast Series to (Re)Discover - Night of Ideas 2025\",\"isPartOf\":{\"@id\":\"https:\\\/\\\/nightofideas.org\\\/2025\\\/#website\"},\"datePublished\":\"2025-10-28T20:02:38+00:00\",\"dateModified\":\"2025-11-13T15:37:39+00:00\",\"breadcrumb\":{\"@id\":\"https:\\\/\\\/nightofideas.org\\\/2025\\\/atlanta\\\/a-podcast-series-to-rediscover\\\/#breadcrumb\"},\"inLanguage\":\"en-US\",\"potentialAction\":[{\"@type\":\"ReadAction\",\"target\":[\"https:\\\/\\\/nightofideas.org\\\/2025\\\/atlanta\\\/a-podcast-series-to-rediscover\\\/\"]}]},{\"@type\":\"BreadcrumbList\",\"@id\":\"https:\\\/\\\/nightofideas.org\\\/2025\\\/atlanta\\\/a-podcast-series-to-rediscover\\\/#breadcrumb\",\"itemListElement\":[{\"@type\":\"ListItem\",\"position\":1,\"name\":\"Home\",\"item\":\"https:\\\/\\\/nightofideas.org\\\/2025\\\/\"},{\"@type\":\"ListItem\",\"position\":2,\"name\":\"Atlanta\",\"item\":\"https:\\\/\\\/nightofideas.org\\\/2025\\\/atlanta\\\/\"},{\"@type\":\"ListItem\",\"position\":3,\"name\":\"A Podcast Series to (Re)Discover\"}]},{\"@type\":\"WebSite\",\"@id\":\"https:\\\/\\\/nightofideas.org\\\/2025\\\/#website\",\"url\":\"https:\\\/\\\/nightofideas.org\\\/2025\\\/\",\"name\":\"Night of Ideas\",\"description\":\"Common Ground\",\"publisher\":{\"@id\":\"https:\\\/\\\/nightofideas.org\\\/2025\\\/#organization\"},\"potentialAction\":[{\"@type\":\"SearchAction\",\"target\":{\"@type\":\"EntryPoint\",\"urlTemplate\":\"https:\\\/\\\/nightofideas.org\\\/2025\\\/?s={search_term_string}\"},\"query-input\":{\"@type\":\"PropertyValueSpecification\",\"valueRequired\":true,\"valueName\":\"search_term_string\"}}],\"inLanguage\":\"en-US\"},{\"@type\":\"Organization\",\"@id\":\"https:\\\/\\\/nightofideas.org\\\/2025\\\/#organization\",\"name\":\"nightofideas\",\"url\":\"https:\\\/\\\/nightofideas.org\\\/2025\\\/\",\"logo\":{\"@type\":\"ImageObject\",\"inLanguage\":\"en-US\",\"@id\":\"https:\\\/\\\/nightofideas.org\\\/2025\\\/#\\\/schema\\\/logo\\\/image\\\/\",\"url\":\"https:\\\/\\\/nightofideas.org\\\/2025\\\/wp-content\\\/uploads\\\/2025\\\/02\\\/android-chrome-512x512-1.png\",\"contentUrl\":\"https:\\\/\\\/nightofideas.org\\\/2025\\\/wp-content\\\/uploads\\\/2025\\\/02\\\/android-chrome-512x512-1.png\",\"width\":512,\"height\":512,\"caption\":\"nightofideas\"},\"image\":{\"@id\":\"https:\\\/\\\/nightofideas.org\\\/2025\\\/#\\\/schema\\\/logo\\\/image\\\/\"},\"sameAs\":[\"https:\\\/\\\/www.facebook.com\\\/villaalbertineusa\",\"https:\\\/\\\/x.com\\\/villa_albertine\",\"https:\\\/\\\/www.instagram.com\\\/villa.albertine\\\/\"]}]}<\/script>\n<!-- \/ Yoast SEO plugin. -->","yoast_head_json":{"title":"A Podcast Series to (Re)Discover - Night of Ideas 2025","robots":{"index":"index","follow":"follow","max-snippet":"max-snippet:-1","max-image-preview":"max-image-preview:large","max-video-preview":"max-video-preview:-1"},"canonical":"https:\/\/nightofideas.org\/2025\/atlanta\/a-podcast-series-to-rediscover\/","og_locale":"en_US","og_type":"article","og_title":"A Podcast Series to (Re)Discover - Night of Ideas 2025","og_description":"Villa Albertine Atlanta is pleased to announce the release of a three-episode podcast series based on the 2025 edition of Night of Ideas, produced in collaboration with Atlanta\u2019s public radio station WABE. Held from March 27 through April 6 at the iconic Goat Farm Arts Center, this edition of Night of Ideas brought together artists, [&hellip;]","og_url":"https:\/\/nightofideas.org\/2025\/atlanta\/a-podcast-series-to-rediscover\/","og_site_name":"Night of Ideas 2025","article_publisher":"https:\/\/www.facebook.com\/villaalbertineusa","article_modified_time":"2025-11-13T15:37:39+00:00","og_image":[{"width":1080,"height":675,"url":"https:\/\/nightofideas.org\/2025\/wp-content\/uploads\/2025\/02\/VA_NOI25_LOGO_WEB_1080x675.jpg?v=1776185602","type":"image\/jpeg"}],"twitter_card":"summary_large_image","twitter_image":"?v=1776185602","twitter_site":"@villa_albertine","twitter_misc":{"Est. reading time":"4 minutes"},"schema":{"@context":"https:\/\/schema.org","@graph":[{"@type":"WebPage","@id":"https:\/\/nightofideas.org\/2025\/atlanta\/a-podcast-series-to-rediscover\/","url":"https:\/\/nightofideas.org\/2025\/atlanta\/a-podcast-series-to-rediscover\/","name":"A Podcast Series to (Re)Discover - Night of Ideas 2025","isPartOf":{"@id":"https:\/\/nightofideas.org\/2025\/#website"},"datePublished":"2025-10-28T20:02:38+00:00","dateModified":"2025-11-13T15:37:39+00:00","breadcrumb":{"@id":"https:\/\/nightofideas.org\/2025\/atlanta\/a-podcast-series-to-rediscover\/#breadcrumb"},"inLanguage":"en-US","potentialAction":[{"@type":"ReadAction","target":["https:\/\/nightofideas.org\/2025\/atlanta\/a-podcast-series-to-rediscover\/"]}]},{"@type":"BreadcrumbList","@id":"https:\/\/nightofideas.org\/2025\/atlanta\/a-podcast-series-to-rediscover\/#breadcrumb","itemListElement":[{"@type":"ListItem","position":1,"name":"Home","item":"https:\/\/nightofideas.org\/2025\/"},{"@type":"ListItem","position":2,"name":"Atlanta","item":"https:\/\/nightofideas.org\/2025\/atlanta\/"},{"@type":"ListItem","position":3,"name":"A Podcast Series to (Re)Discover"}]},{"@type":"WebSite","@id":"https:\/\/nightofideas.org\/2025\/#website","url":"https:\/\/nightofideas.org\/2025\/","name":"Night of Ideas","description":"Common Ground","publisher":{"@id":"https:\/\/nightofideas.org\/2025\/#organization"},"potentialAction":[{"@type":"SearchAction","target":{"@type":"EntryPoint","urlTemplate":"https:\/\/nightofideas.org\/2025\/?s={search_term_string}"},"query-input":{"@type":"PropertyValueSpecification","valueRequired":true,"valueName":"search_term_string"}}],"inLanguage":"en-US"},{"@type":"Organization","@id":"https:\/\/nightofideas.org\/2025\/#organization","name":"nightofideas","url":"https:\/\/nightofideas.org\/2025\/","logo":{"@type":"ImageObject","inLanguage":"en-US","@id":"https:\/\/nightofideas.org\/2025\/#\/schema\/logo\/image\/","url":"https:\/\/nightofideas.org\/2025\/wp-content\/uploads\/2025\/02\/android-chrome-512x512-1.png","contentUrl":"https:\/\/nightofideas.org\/2025\/wp-content\/uploads\/2025\/02\/android-chrome-512x512-1.png","width":512,"height":512,"caption":"nightofideas"},"image":{"@id":"https:\/\/nightofideas.org\/2025\/#\/schema\/logo\/image\/"},"sameAs":["https:\/\/www.facebook.com\/villaalbertineusa","https:\/\/x.com\/villa_albertine","https:\/\/www.instagram.com\/villa.albertine\/"]}]}},"acf":[],"_links":{"self":[{"href":"https:\/\/nightofideas.org\/2025\/wp-json\/wp\/v2\/pages\/16269","targetHints":{"allow":["GET"]}}],"collection":[{"href":"https:\/\/nightofideas.org\/2025\/wp-json\/wp\/v2\/pages"}],"about":[{"href":"https:\/\/nightofideas.org\/2025\/wp-json\/wp\/v2\/types\/page"}],"author":[{"embeddable":true,"href":"https:\/\/nightofideas.org\/2025\/wp-json\/wp\/v2\/users\/14"}],"replies":[{"embeddable":true,"href":"https:\/\/nightofideas.org\/2025\/wp-json\/wp\/v2\/comments?post=16269"}],"version-history":[{"count":6,"href":"https:\/\/nightofideas.org\/2025\/wp-json\/wp\/v2\/pages\/16269\/revisions"}],"predecessor-version":[{"id":16277,"href":"https:\/\/nightofideas.org\/2025\/wp-json\/wp\/v2\/pages\/16269\/revisions\/16277"}],"up":[{"embeddable":true,"href":"https:\/\/nightofideas.org\/2025\/wp-json\/wp\/v2\/pages\/14"}],"wp:attachment":[{"href":"https:\/\/nightofideas.org\/2025\/wp-json\/wp\/v2\/media?parent=16269"}],"wp:term":[{"taxonomy":"city","embeddable":true,"href":"https:\/\/nightofideas.org\/2025\/wp-json\/wp\/v2\/city?post=16269"},{"taxonomy":"eventyear","embeddable":true,"href":"https:\/\/nightofideas.org\/2025\/wp-json\/wp\/v2\/eventyear?post=16269"}],"curies":[{"name":"wp","href":"https:\/\/api.w.org\/{rel}","templated":true}]}}